{"id":997,"date":"2023-05-17T12:46:59","date_gmt":"2023-05-17T12:46:59","guid":{"rendered":"https:\/\/schulte-duesseldorf.emmtronics.de\/?page_id=997"},"modified":"2025-09-01T10:28:27","modified_gmt":"2025-09-01T10:28:27","slug":"technik","status":"publish","type":"page","link":"https:\/\/www.schulte-duesseldorf.de\/?page_id=997","title":{"rendered":"Produktionsanlagen"},"content":{"rendered":"\t\t<div data-elementor-type=\"wp-page\" data-elementor-id=\"997\" class=\"elementor elementor-997\">\n\t\t\t\t\t\t<section class=\"elementor-section elementor-top-section elementor-element elementor-element-27d6ec9c elementor-section-full_width elementor-section-height-min-height elementor-section-height-default elementor-section-items-middle\" data-id=\"27d6ec9c\" data-element_type=\"section\" data-e-type=\"section\" data-settings=\"{&quot;background_background&quot;:&quot;classic&quot;}\">\n\t\t\t\t\t\t\t<div class=\"elementor-background-overlay\"><\/div>\n\t\t\t\t\t\t\t<div class=\"elementor-container elementor-column-gap-default\">\n\t\t\t\t\t<div class=\"elementor-column elementor-col-100 elementor-top-column elementor-element elementor-element-3ebb585d\" data-id=\"3ebb585d\" data-element_type=\"column\" data-e-type=\"column\">\n\t\t\t<div class=\"elementor-widget-wrap elementor-element-populated\">\n\t\t\t\t\t\t<section class=\"elementor-section elementor-inner-section elementor-element elementor-element-6f054b28 elementor-section-boxed elementor-section-height-default elementor-section-height-default\" data-id=\"6f054b28\" data-element_type=\"section\" data-e-type=\"section\">\n\t\t\t\t\t\t<div class=\"elementor-container elementor-column-gap-default\">\n\t\t\t\t\t<div class=\"elementor-column elementor-col-100 elementor-inner-column elementor-element elementor-element-4a4427a7\" data-id=\"4a4427a7\" data-element_type=\"column\" data-e-type=\"column\">\n\t\t\t<div class=\"elementor-widget-wrap elementor-element-populated\">\n\t\t\t\t\t\t<div class=\"elementor-element elementor-element-29345ea elementor-hidden-tablet elementor-hidden-mobile elementor-widget elementor-widget-image\" data-id=\"29345ea\" data-element_type=\"widget\" data-e-type=\"widget\" data-widget_type=\"image.default\">\n\t\t\t\t<div class=\"elementor-widget-container\">\n\t\t\t\t\t\t\t\t\t\t\t\t\t\t\t<img decoding=\"async\" width=\"128\" height=\"155\" src=\"https:\/\/www.schulte-duesseldorf.de\/wp-content\/uploads\/2023\/04\/schulte_logo_transparent_weiss.png\" class=\"attachment-large size-large wp-image-672\" alt=\"\" \/>\t\t\t\t\t\t\t\t\t\t\t\t\t\t\t<\/div>\n\t\t\t\t<\/div>\n\t\t\t\t\t<\/div>\n\t\t<\/div>\n\t\t\t\t\t<\/div>\n\t\t<\/section>\n\t\t\t\t<section class=\"elementor-section elementor-inner-section elementor-element elementor-element-7aea0849 elementor-section-boxed elementor-section-height-default elementor-section-height-default\" data-id=\"7aea0849\" data-element_type=\"section\" data-e-type=\"section\">\n\t\t\t\t\t\t<div class=\"elementor-container elementor-column-gap-default\">\n\t\t\t\t\t<div class=\"elementor-column elementor-col-100 elementor-inner-column elementor-element elementor-element-a740694\" data-id=\"a740694\" data-element_type=\"column\" data-e-type=\"column\">\n\t\t\t<div class=\"elementor-widget-wrap elementor-element-populated\">\n\t\t\t\t\t\t<div class=\"elementor-element elementor-element-92be2f elementor-widget elementor-widget-heading\" data-id=\"92be2f\" data-element_type=\"widget\" data-e-type=\"widget\" data-widget_type=\"heading.default\">\n\t\t\t\t<div class=\"elementor-widget-container\">\n\t\t\t\t\t<h1 class=\"elementor-heading-title elementor-size-default\">Unsere Technik begeistert!<\/h1>\t\t\t\t<\/div>\n\t\t\t\t<\/div>\n\t\t\t\t\t<\/div>\n\t\t<\/div>\n\t\t\t\t\t<\/div>\n\t\t<\/section>\n\t\t\t\t\t<\/div>\n\t\t<\/div>\n\t\t\t\t\t<\/div>\n\t\t<\/section>\n\t\t\t\t<section class=\"elementor-section elementor-top-section elementor-element elementor-element-6d4d0616 elementor-section-full_width animated-slow elementor-section-height-default elementor-section-height-default elementor-invisible\" data-id=\"6d4d0616\" data-element_type=\"section\" data-e-type=\"section\" data-settings=\"{&quot;animation&quot;:&quot;zoomIn&quot;}\">\n\t\t\t\t\t\t<div class=\"elementor-container elementor-column-gap-default\">\n\t\t\t\t\t<div class=\"elementor-column elementor-col-100 elementor-top-column elementor-element elementor-element-63084730\" data-id=\"63084730\" data-element_type=\"column\" data-e-type=\"column\" data-settings=\"{&quot;background_background&quot;:&quot;classic&quot;}\">\n\t\t\t<div class=\"elementor-widget-wrap elementor-element-populated\">\n\t\t\t\t\t\t<div class=\"elementor-element elementor-element-2116c81 elementor-widget-divider--view-line elementor-widget elementor-widget-divider\" data-id=\"2116c81\" data-element_type=\"widget\" data-e-type=\"widget\" data-widget_type=\"divider.default\">\n\t\t\t\t<div class=\"elementor-widget-container\">\n\t\t\t\t\t\t\t<div class=\"elementor-divider\">\n\t\t\t<span class=\"elementor-divider-separator\">\n\t\t\t\t\t\t<\/span>\n\t\t<\/div>\n\t\t\t\t\t\t<\/div>\n\t\t\t\t<\/div>\n\t\t\t\t<div class=\"elementor-element elementor-element-321179a elementor-widget__width-initial elementor-widget elementor-widget-text-editor\" data-id=\"321179a\" data-element_type=\"widget\" data-e-type=\"widget\" data-widget_type=\"text-editor.default\">\n\t\t\t\t<div class=\"elementor-widget-container\">\n\t\t\t\t\t\t\t\t\t<p>Unsere Papiermaschinen sind leistungsstark, zuverl\u00e4ssig und technologisch auf dem Stand der Technik. Die Netto-Arbeitsbreiten von 2200mm und 2400mm erf\u00fcllen gemeinsam mit den m\u00f6glichen Fl\u00e4chengewichten von 140 g\/m\u00b2 bis 630 g\/m\u00b2 die marktspezifischen Produktanforderungen.<\/p>\t\t\t\t\t\t\t\t<\/div>\n\t\t\t\t<\/div>\n\t\t\t\t<div class=\"elementor-element elementor-element-47308d91 elementor-widget-divider--view-line elementor-widget elementor-widget-divider\" data-id=\"47308d91\" data-element_type=\"widget\" data-e-type=\"widget\" data-widget_type=\"divider.default\">\n\t\t\t\t<div class=\"elementor-widget-container\">\n\t\t\t\t\t\t\t<div class=\"elementor-divider\">\n\t\t\t<span class=\"elementor-divider-separator\">\n\t\t\t\t\t\t<\/span>\n\t\t<\/div>\n\t\t\t\t\t\t<\/div>\n\t\t\t\t<\/div>\n\t\t\t\t<div class=\"elementor-element elementor-element-469bb4e elementor-widget elementor-widget-spacer\" data-id=\"469bb4e\" data-element_type=\"widget\" data-e-type=\"widget\" data-widget_type=\"spacer.default\">\n\t\t\t\t<div class=\"elementor-widget-container\">\n\t\t\t\t\t\t\t<div class=\"elementor-spacer\">\n\t\t\t<div class=\"elementor-spacer-inner\"><\/div>\n\t\t<\/div>\n\t\t\t\t\t\t<\/div>\n\t\t\t\t<\/div>\n\t\t\t\t\t<\/div>\n\t\t<\/div>\n\t\t\t\t\t<\/div>\n\t\t<\/section>\n\t\t\t\t<section class=\"elementor-section elementor-top-section elementor-element elementor-element-4d4665a elementor-section-full_width elementor-section-stretched animated-slow elementor-section-height-default elementor-section-height-default elementor-invisible\" data-id=\"4d4665a\" data-element_type=\"section\" data-e-type=\"section\" data-settings=\"{&quot;stretch_section&quot;:&quot;section-stretched&quot;,&quot;animation&quot;:&quot;zoomIn&quot;}\">\n\t\t\t\t\t\t<div class=\"elementor-container elementor-column-gap-default\">\n\t\t\t\t\t<div class=\"elementor-column elementor-col-66 elementor-top-column elementor-element elementor-element-8d52e86\" data-id=\"8d52e86\" data-element_type=\"column\" data-e-type=\"column\" data-settings=\"{&quot;background_background&quot;:&quot;classic&quot;}\">\n\t\t\t<div class=\"elementor-widget-wrap elementor-element-populated\">\n\t\t\t\t\t\t<div class=\"elementor-element elementor-element-2b64de9 elementor-widget elementor-widget-spacer\" data-id=\"2b64de9\" data-element_type=\"widget\" data-e-type=\"widget\" data-widget_type=\"spacer.default\">\n\t\t\t\t<div class=\"elementor-widget-container\">\n\t\t\t\t\t\t\t<div class=\"elementor-spacer\">\n\t\t\t<div class=\"elementor-spacer-inner\"><\/div>\n\t\t<\/div>\n\t\t\t\t\t\t<\/div>\n\t\t\t\t<\/div>\n\t\t\t\t\t<\/div>\n\t\t<\/div>\n\t\t\t\t<div class=\"elementor-column elementor-col-33 elementor-top-column elementor-element elementor-element-f98760e\" data-id=\"f98760e\" data-element_type=\"column\" data-e-type=\"column\" data-settings=\"{&quot;background_background&quot;:&quot;classic&quot;}\">\n\t\t\t<div class=\"elementor-widget-wrap elementor-element-populated\">\n\t\t\t\t\t\t<div class=\"elementor-element elementor-element-505b19c elementor-widget elementor-widget-heading\" data-id=\"505b19c\" data-element_type=\"widget\" data-e-type=\"widget\" data-widget_type=\"heading.default\">\n\t\t\t\t<div class=\"elementor-widget-container\">\n\t\t\t\t\t<h3 class=\"elementor-heading-title elementor-size-default\">Unsere technischen Details<\/h3>\t\t\t\t<\/div>\n\t\t\t\t<\/div>\n\t\t\t\t<div class=\"elementor-element elementor-element-55a00df elementor-widget-divider--view-line elementor-widget elementor-widget-divider\" data-id=\"55a00df\" data-element_type=\"widget\" data-e-type=\"widget\" data-widget_type=\"divider.default\">\n\t\t\t\t<div class=\"elementor-widget-container\">\n\t\t\t\t\t\t\t<div class=\"elementor-divider\">\n\t\t\t<span class=\"elementor-divider-separator\">\n\t\t\t\t\t\t<\/span>\n\t\t<\/div>\n\t\t\t\t\t\t<\/div>\n\t\t\t\t<\/div>\n\t\t\t\t<div class=\"elementor-element elementor-element-ebf807d elementor-widget elementor-widget-text-editor\" data-id=\"ebf807d\" data-element_type=\"widget\" data-e-type=\"widget\" data-widget_type=\"text-editor.default\">\n\t\t\t\t<div class=\"elementor-widget-container\">\n\t\t\t\t\t\t\t\t\t<ul>\n<li>Papier und Karton im Fl\u00e4chengewichtsbereich 140g\/m\u00b2 &#8211; 630g\/m\u00b2<\/li>\n<li>Schnittbreitenbereich 50mm &#8211; 2.400mm<\/li>\n<li>Zwei unabh\u00e4ngige, hochflexible Produktionslinien<\/li>\n<li>Eigenes Gas- und \u00d6lkraftwerk zur nachhaltigen Energieerzeugung<\/li>\n<li>Hochgradig automatisierte Produktion mit werksweitem Prozessleitsystem<\/li>\n<li>Feuchte- Quer-\/L\u00e4ngsprofil-Messung mit Infrarottrocknungssystem&nbsp;<\/li>\n<li>Dicke- Quer-\/L\u00e4ngsprofil-Messung mit automatisierter Verd\u00fcnnungswasser &#8211; Steuerung<\/li>\n<\/ul>\t\t\t\t\t\t\t\t<\/div>\n\t\t\t\t<\/div>\n\t\t\t\t\t<\/div>\n\t\t<\/div>\n\t\t\t\t\t<\/div>\n\t\t<\/section>\n\t\t\t\t<section class=\"elementor-section elementor-top-section elementor-element elementor-element-3ad2147c elementor-section-full_width animated-slow elementor-section-height-default elementor-section-height-default elementor-invisible\" data-id=\"3ad2147c\" data-element_type=\"section\" data-e-type=\"section\" data-settings=\"{&quot;animation&quot;:&quot;zoomIn&quot;}\">\n\t\t\t\t\t\t<div class=\"elementor-container elementor-column-gap-default\">\n\t\t\t\t\t<div class=\"elementor-column elementor-col-33 elementor-top-column elementor-element elementor-element-47f0e2db\" data-id=\"47f0e2db\" data-element_type=\"column\" data-e-type=\"column\" data-settings=\"{&quot;background_background&quot;:&quot;classic&quot;}\">\n\t\t\t<div class=\"elementor-widget-wrap elementor-element-populated\">\n\t\t\t\t\t\t<div class=\"elementor-element elementor-element-221f374 elementor-widget elementor-widget-text-editor\" data-id=\"221f374\" data-element_type=\"widget\" data-e-type=\"widget\" data-widget_type=\"text-editor.default\">\n\t\t\t\t<div class=\"elementor-widget-container\">\n\t\t\t\t\t\t\t\t\t<ul><li>H\u00fclsenkarton-Spezialist mit breitem Produktportfolio f\u00fcr die Hersteller von Papierh\u00fclsen und Papprohren<\/li><\/ul><div>\u00a0<\/div><ul><li>Entwicklungs-, Beratungs- und L\u00f6sungspartner f\u00fcr unsere Kunden und alle H\u00fclsenkartonanforderungen<\/li><\/ul><div>\u00a0<\/div><ul><li>Angebot an Workshops und Schulungen f\u00fcr Prozessingenieure, Maschinenf\u00fchrer und Fachleute (vor Ort &amp; online)<\/li><\/ul><div>\u00a0<\/div><ul><li>Tiefgreifendes Know-How mit langj\u00e4hriger Erfahrung in der H\u00fclsenkartonherstellung<\/li><\/ul><div>\u00a0<\/div><ul><li>Gleichbleibende Produkthomogenit\u00e4t<\/li><\/ul><div>\u00a0<\/div><ul><li>Homogener und abrasionsarmer Karton durch komplexe Reinigungsstufen<\/li><\/ul><div>\u00a0<\/div><ul><li>Umfangreiches Technologiewissen in der Papieranalytik; Laborkapazit\u00e4ten vor Ort<\/li><\/ul>\t\t\t\t\t\t\t\t<\/div>\n\t\t\t\t<\/div>\n\t\t\t\t\t<\/div>\n\t\t<\/div>\n\t\t\t\t<div class=\"elementor-column elementor-col-66 elementor-top-column elementor-element elementor-element-2e919b0a\" data-id=\"2e919b0a\" data-element_type=\"column\" data-e-type=\"column\" data-settings=\"{&quot;background_background&quot;:&quot;classic&quot;}\">\n\t\t\t<div class=\"elementor-widget-wrap elementor-element-populated\">\n\t\t\t\t\t\t<div class=\"elementor-element elementor-element-0b952a2 elementor-widget elementor-widget-spacer\" data-id=\"0b952a2\" data-element_type=\"widget\" data-e-type=\"widget\" data-widget_type=\"spacer.default\">\n\t\t\t\t<div class=\"elementor-widget-container\">\n\t\t\t\t\t\t\t<div class=\"elementor-spacer\">\n\t\t\t<div class=\"elementor-spacer-inner\"><\/div>\n\t\t<\/div>\n\t\t\t\t\t\t<\/div>\n\t\t\t\t<\/div>\n\t\t\t\t\t<\/div>\n\t\t<\/div>\n\t\t\t\t\t<\/div>\n\t\t<\/section>\n\t\t\t\t<section class=\"elementor-section elementor-top-section elementor-element elementor-element-007df8b elementor-section-boxed elementor-section-height-default elementor-section-height-default elementor-invisible\" data-id=\"007df8b\" data-element_type=\"section\" data-e-type=\"section\" data-settings=\"{&quot;background_background&quot;:&quot;classic&quot;,&quot;animation&quot;:&quot;zoomIn&quot;}\">\n\t\t\t\t\t\t<div class=\"elementor-container elementor-column-gap-custom\">\n\t\t\t\t\t<div class=\"elementor-column elementor-col-100 elementor-top-column elementor-element elementor-element-95e1f02\" data-id=\"95e1f02\" data-element_type=\"column\" data-e-type=\"column\">\n\t\t\t<div class=\"elementor-widget-wrap elementor-element-populated\">\n\t\t\t\t\t\t<div class=\"elementor-element elementor-element-621605e elementor-widget elementor-widget-spacer\" data-id=\"621605e\" data-element_type=\"widget\" data-e-type=\"widget\" data-widget_type=\"spacer.default\">\n\t\t\t\t<div class=\"elementor-widget-container\">\n\t\t\t\t\t\t\t<div class=\"elementor-spacer\">\n\t\t\t<div class=\"elementor-spacer-inner\"><\/div>\n\t\t<\/div>\n\t\t\t\t\t\t<\/div>\n\t\t\t\t<\/div>\n\t\t\t\t\t<\/div>\n\t\t<\/div>\n\t\t\t\t\t<\/div>\n\t\t<\/section>\n\t\t\t\t<section class=\"elementor-section elementor-top-section elementor-element elementor-element-647004fd elementor-section-full_width animated-slow elementor-section-height-default elementor-section-height-default elementor-invisible\" data-id=\"647004fd\" data-element_type=\"section\" data-e-type=\"section\" data-settings=\"{&quot;animation&quot;:&quot;zoomIn&quot;}\">\n\t\t\t\t\t\t<div class=\"elementor-container elementor-column-gap-default\">\n\t\t\t\t\t<div class=\"elementor-column elementor-col-66 elementor-top-column elementor-element elementor-element-69094299\" data-id=\"69094299\" data-element_type=\"column\" data-e-type=\"column\" data-settings=\"{&quot;background_background&quot;:&quot;classic&quot;}\">\n\t\t\t<div class=\"elementor-widget-wrap elementor-element-populated\">\n\t\t\t\t\t\t<div class=\"elementor-element elementor-element-ba721eb elementor-widget elementor-widget-spacer\" data-id=\"ba721eb\" data-element_type=\"widget\" data-e-type=\"widget\" data-widget_type=\"spacer.default\">\n\t\t\t\t<div class=\"elementor-widget-container\">\n\t\t\t\t\t\t\t<div class=\"elementor-spacer\">\n\t\t\t<div class=\"elementor-spacer-inner\"><\/div>\n\t\t<\/div>\n\t\t\t\t\t\t<\/div>\n\t\t\t\t<\/div>\n\t\t\t\t\t<\/div>\n\t\t<\/div>\n\t\t\t\t<div class=\"elementor-column elementor-col-33 elementor-top-column elementor-element elementor-element-562a6ed2\" data-id=\"562a6ed2\" data-element_type=\"column\" data-e-type=\"column\" data-settings=\"{&quot;background_background&quot;:&quot;classic&quot;}\">\n\t\t\t<div class=\"elementor-widget-wrap elementor-element-populated\">\n\t\t\t\t\t\t<section class=\"elementor-section elementor-inner-section elementor-element elementor-element-b715930 elementor-section-boxed elementor-section-height-default elementor-section-height-default\" data-id=\"b715930\" data-element_type=\"section\" data-e-type=\"section\">\n\t\t\t\t\t\t<div class=\"elementor-container elementor-column-gap-default\">\n\t\t\t\t\t<div class=\"elementor-column elementor-col-100 elementor-inner-column elementor-element elementor-element-9f17766\" data-id=\"9f17766\" data-element_type=\"column\" data-e-type=\"column\">\n\t\t\t<div class=\"elementor-widget-wrap elementor-element-populated\">\n\t\t\t\t\t\t<div class=\"elementor-element elementor-element-66bbf38 elementor-widget elementor-widget-text-editor\" data-id=\"66bbf38\" data-element_type=\"widget\" data-e-type=\"widget\" data-widget_type=\"text-editor.default\">\n\t\t\t\t<div class=\"elementor-widget-container\">\n\t\t\t\t\t\t\t\t\t<ul>\n<li>Hohe Flexibilit\u00e4t, Zuverl\u00e4ssigkeit, Liefertreue<\/li>\n<\/ul>\n<div>&nbsp;<\/div>\n<ul>\n<li>Innovativ (Gewinner des D\u00fcsseldorfer Unternehmer-Innovationspreises)<\/li>\n<\/ul>\n<div>&nbsp;<\/div>\n<ul>\n<li>Auszeichnung f\u00fcr produktionsintegrierten Umweltschutz (Effizienzpreis des Landes Nordrhein-Westfalen)<\/li>\n<\/ul>\n<div>&nbsp;<\/div>\n<ul>\n<li>maximale Energieeffizienz (durch Kraft-W\u00e4rme-Kopplung)<\/li>\n<\/ul>\n<div><br><\/div>\n<ul>\n<li style=\"font-size: 16px;\">eigene Wasseraufbereitungsanlage mit Biogaserzeugung zur Kraftwerksbeheizung<\/li>\n<\/ul>\n<div><br><\/div>\n<ul>\n<li>geringe Emissionen<\/li>\n<\/ul>\t\t\t\t\t\t\t\t<\/div>\n\t\t\t\t<\/div>\n\t\t\t\t\t<\/div>\n\t\t<\/div>\n\t\t\t\t\t<\/div>\n\t\t<\/section>\n\t\t\t\t\t<\/div>\n\t\t<\/div>\n\t\t\t\t\t<\/div>\n\t\t<\/section>\n\t\t\t\t<\/div>\n\t\t","protected":false},"excerpt":{"rendered":"<p>Unsere Technik begeistert! Unsere Papiermaschinen sind leistungsstark, zuverl\u00e4ssig und technologisch auf dem Stand der Technik. Die Netto-Arbeitsbreiten von 2200mm und 2400mm erf\u00fcllen gemeinsam mit den m\u00f6glichen Fl\u00e4chengewichten von 140 g\/m\u00b2 bis 630 g\/m\u00b2 die marktspezifischen Produktanforderungen. Unsere technischen Details Papier und Karton im Fl\u00e4chengewichtsbereich 140g\/m\u00b2 &#8211; 630g\/m\u00b2 Schnittbreitenbereich 50mm &#8211; 2.400mm Zwei unabh\u00e4ngige, hochflexible Produktionslinien [&hellip;]<\/p>\n","protected":false},"author":4,"featured_media":0,"parent":0,"menu_order":3,"comment_status":"closed","ping_status":"closed","template":"","meta":{"footnotes":""},"class_list":["post-997","page","type-page","status-publish","hentry"],"yoast_head":"<!-- This site is optimized with the Yoast SEO plugin v27.0 - https:\/\/yoast.com\/product\/yoast-seo-wordpress\/ -->\n<title>Produktionsanlagen - Julius Schulte S\u00f6hne<\/title>\n<meta name=\"robots\" content=\"index, follow, max-snippet:-1, max-image-preview:large, max-video-preview:-1\" \/>\n<link rel=\"canonical\" href=\"https:\/\/www.schulte-duesseldorf.de\/?page_id=997\" \/>\n<meta property=\"og:locale\" content=\"de_DE\" \/>\n<meta property=\"og:type\" content=\"article\" \/>\n<meta property=\"og:title\" content=\"Produktionsanlagen - Julius Schulte S\u00f6hne\" \/>\n<meta property=\"og:description\" content=\"Unsere Technik begeistert! Unsere Papiermaschinen sind leistungsstark, zuverl\u00e4ssig und technologisch auf dem Stand der Technik. Die Netto-Arbeitsbreiten von 2200mm und 2400mm erf\u00fcllen gemeinsam mit den m\u00f6glichen Fl\u00e4chengewichten von 140 g\/m\u00b2 bis 630 g\/m\u00b2 die marktspezifischen Produktanforderungen. Unsere technischen Details Papier und Karton im Fl\u00e4chengewichtsbereich 140g\/m\u00b2 &#8211; 630g\/m\u00b2 Schnittbreitenbereich 50mm &#8211; 2.400mm Zwei unabh\u00e4ngige, hochflexible Produktionslinien [&hellip;]\" \/>\n<meta property=\"og:url\" content=\"https:\/\/www.schulte-duesseldorf.de\/?page_id=997\" \/>\n<meta property=\"og:site_name\" content=\"Julius Schulte S\u00f6hne\" \/>\n<meta property=\"article:modified_time\" content=\"2025-09-01T10:28:27+00:00\" \/>\n<meta property=\"og:image\" content=\"https:\/\/www.schulte-duesseldorf.de\/wp-content\/uploads\/2023\/04\/schulte_logo_transparent_weiss.png\" \/>\n\t<meta property=\"og:image:width\" content=\"128\" \/>\n\t<meta property=\"og:image:height\" content=\"155\" \/>\n\t<meta property=\"og:image:type\" content=\"image\/png\" \/>\n<meta name=\"twitter:card\" content=\"summary_large_image\" \/>\n<meta name=\"twitter:label1\" content=\"Gesch\u00e4tzte Lesezeit\" \/>\n\t<meta name=\"twitter:data1\" content=\"2\u00a0Minuten\" \/>\n<script type=\"application\/ld+json\" class=\"yoast-schema-graph\">{\"@context\":\"https:\/\/schema.org\",\"@graph\":[{\"@type\":\"WebPage\",\"@id\":\"https:\/\/www.schulte-duesseldorf.de\/?page_id=997\",\"url\":\"https:\/\/www.schulte-duesseldorf.de\/?page_id=997\",\"name\":\"Produktionsanlagen - Julius Schulte S\u00f6hne\",\"isPartOf\":{\"@id\":\"https:\/\/www.schulte-duesseldorf.de\/#website\"},\"primaryImageOfPage\":{\"@id\":\"https:\/\/www.schulte-duesseldorf.de\/?page_id=997#primaryimage\"},\"image\":{\"@id\":\"https:\/\/www.schulte-duesseldorf.de\/?page_id=997#primaryimage\"},\"thumbnailUrl\":\"https:\/\/www.schulte-duesseldorf.de\/wp-content\/uploads\/2023\/04\/schulte_logo_transparent_weiss.png\",\"datePublished\":\"2023-05-17T12:46:59+00:00\",\"dateModified\":\"2025-09-01T10:28:27+00:00\",\"breadcrumb\":{\"@id\":\"https:\/\/www.schulte-duesseldorf.de\/?page_id=997#breadcrumb\"},\"inLanguage\":\"de\",\"potentialAction\":[{\"@type\":\"ReadAction\",\"target\":[\"https:\/\/www.schulte-duesseldorf.de\/?page_id=997\"]}]},{\"@type\":\"ImageObject\",\"inLanguage\":\"de\",\"@id\":\"https:\/\/www.schulte-duesseldorf.de\/?page_id=997#primaryimage\",\"url\":\"https:\/\/www.schulte-duesseldorf.de\/wp-content\/uploads\/2023\/04\/schulte_logo_transparent_weiss.png\",\"contentUrl\":\"https:\/\/www.schulte-duesseldorf.de\/wp-content\/uploads\/2023\/04\/schulte_logo_transparent_weiss.png\",\"width\":128,\"height\":155},{\"@type\":\"BreadcrumbList\",\"@id\":\"https:\/\/www.schulte-duesseldorf.de\/?page_id=997#breadcrumb\",\"itemListElement\":[{\"@type\":\"ListItem\",\"position\":1,\"name\":\"Startseite\",\"item\":\"https:\/\/www.schulte-duesseldorf.de\/\"},{\"@type\":\"ListItem\",\"position\":2,\"name\":\"Produktionsanlagen\"}]},{\"@type\":\"WebSite\",\"@id\":\"https:\/\/www.schulte-duesseldorf.de\/#website\",\"url\":\"https:\/\/www.schulte-duesseldorf.de\/\",\"name\":\"Julius Schulte S\u00f6hne\",\"description\":\"Papier und Karton aus D\u00fcsseldorf\",\"potentialAction\":[{\"@type\":\"SearchAction\",\"target\":{\"@type\":\"EntryPoint\",\"urlTemplate\":\"https:\/\/www.schulte-duesseldorf.de\/?s={search_term_string}\"},\"query-input\":{\"@type\":\"PropertyValueSpecification\",\"valueRequired\":true,\"valueName\":\"search_term_string\"}}],\"inLanguage\":\"de\"}]}<\/script>\n<!-- \/ Yoast SEO plugin. -->","yoast_head_json":{"title":"Produktionsanlagen - Julius Schulte S\u00f6hne","robots":{"index":"index","follow":"follow","max-snippet":"max-snippet:-1","max-image-preview":"max-image-preview:large","max-video-preview":"max-video-preview:-1"},"canonical":"https:\/\/www.schulte-duesseldorf.de\/?page_id=997","og_locale":"de_DE","og_type":"article","og_title":"Produktionsanlagen - Julius Schulte S\u00f6hne","og_description":"Unsere Technik begeistert! Unsere Papiermaschinen sind leistungsstark, zuverl\u00e4ssig und technologisch auf dem Stand der Technik. Die Netto-Arbeitsbreiten von 2200mm und 2400mm erf\u00fcllen gemeinsam mit den m\u00f6glichen Fl\u00e4chengewichten von 140 g\/m\u00b2 bis 630 g\/m\u00b2 die marktspezifischen Produktanforderungen. Unsere technischen Details Papier und Karton im Fl\u00e4chengewichtsbereich 140g\/m\u00b2 &#8211; 630g\/m\u00b2 Schnittbreitenbereich 50mm &#8211; 2.400mm Zwei unabh\u00e4ngige, hochflexible Produktionslinien [&hellip;]","og_url":"https:\/\/www.schulte-duesseldorf.de\/?page_id=997","og_site_name":"Julius Schulte S\u00f6hne","article_modified_time":"2025-09-01T10:28:27+00:00","og_image":[{"width":128,"height":155,"url":"https:\/\/www.schulte-duesseldorf.de\/wp-content\/uploads\/2023\/04\/schulte_logo_transparent_weiss.png","type":"image\/png"}],"twitter_card":"summary_large_image","twitter_misc":{"Gesch\u00e4tzte Lesezeit":"2\u00a0Minuten"},"schema":{"@context":"https:\/\/schema.org","@graph":[{"@type":"WebPage","@id":"https:\/\/www.schulte-duesseldorf.de\/?page_id=997","url":"https:\/\/www.schulte-duesseldorf.de\/?page_id=997","name":"Produktionsanlagen - Julius Schulte S\u00f6hne","isPartOf":{"@id":"https:\/\/www.schulte-duesseldorf.de\/#website"},"primaryImageOfPage":{"@id":"https:\/\/www.schulte-duesseldorf.de\/?page_id=997#primaryimage"},"image":{"@id":"https:\/\/www.schulte-duesseldorf.de\/?page_id=997#primaryimage"},"thumbnailUrl":"https:\/\/www.schulte-duesseldorf.de\/wp-content\/uploads\/2023\/04\/schulte_logo_transparent_weiss.png","datePublished":"2023-05-17T12:46:59+00:00","dateModified":"2025-09-01T10:28:27+00:00","breadcrumb":{"@id":"https:\/\/www.schulte-duesseldorf.de\/?page_id=997#breadcrumb"},"inLanguage":"de","potentialAction":[{"@type":"ReadAction","target":["https:\/\/www.schulte-duesseldorf.de\/?page_id=997"]}]},{"@type":"ImageObject","inLanguage":"de","@id":"https:\/\/www.schulte-duesseldorf.de\/?page_id=997#primaryimage","url":"https:\/\/www.schulte-duesseldorf.de\/wp-content\/uploads\/2023\/04\/schulte_logo_transparent_weiss.png","contentUrl":"https:\/\/www.schulte-duesseldorf.de\/wp-content\/uploads\/2023\/04\/schulte_logo_transparent_weiss.png","width":128,"height":155},{"@type":"BreadcrumbList","@id":"https:\/\/www.schulte-duesseldorf.de\/?page_id=997#breadcrumb","itemListElement":[{"@type":"ListItem","position":1,"name":"Startseite","item":"https:\/\/www.schulte-duesseldorf.de\/"},{"@type":"ListItem","position":2,"name":"Produktionsanlagen"}]},{"@type":"WebSite","@id":"https:\/\/www.schulte-duesseldorf.de\/#website","url":"https:\/\/www.schulte-duesseldorf.de\/","name":"Julius Schulte S\u00f6hne","description":"Papier und Karton aus D\u00fcsseldorf","potentialAction":[{"@type":"SearchAction","target":{"@type":"EntryPoint","urlTemplate":"https:\/\/www.schulte-duesseldorf.de\/?s={search_term_string}"},"query-input":{"@type":"PropertyValueSpecification","valueRequired":true,"valueName":"search_term_string"}}],"inLanguage":"de"}]}},"_links":{"self":[{"href":"https:\/\/www.schulte-duesseldorf.de\/index.php?rest_route=\/wp\/v2\/pages\/997","targetHints":{"allow":["GET"]}}],"collection":[{"href":"https:\/\/www.schulte-duesseldorf.de\/index.php?rest_route=\/wp\/v2\/pages"}],"about":[{"href":"https:\/\/www.schulte-duesseldorf.de\/index.php?rest_route=\/wp\/v2\/types\/page"}],"author":[{"embeddable":true,"href":"https:\/\/www.schulte-duesseldorf.de\/index.php?rest_route=\/wp\/v2\/users\/4"}],"replies":[{"embeddable":true,"href":"https:\/\/www.schulte-duesseldorf.de\/index.php?rest_route=%2Fwp%2Fv2%2Fcomments&post=997"}],"version-history":[{"count":111,"href":"https:\/\/www.schulte-duesseldorf.de\/index.php?rest_route=\/wp\/v2\/pages\/997\/revisions"}],"predecessor-version":[{"id":4730,"href":"https:\/\/www.schulte-duesseldorf.de\/index.php?rest_route=\/wp\/v2\/pages\/997\/revisions\/4730"}],"wp:attachment":[{"href":"https:\/\/www.schulte-duesseldorf.de\/index.php?rest_route=%2Fwp%2Fv2%2Fmedia&parent=997"}],"curies":[{"name":"wp","href":"https:\/\/api.w.org\/{rel}","templated":true}]}}