{"id":4510,"date":"2025-01-30T13:33:28","date_gmt":"2025-01-30T13:33:28","guid":{"rendered":"https:\/\/www.schulte-duesseldorf.de\/?page_id=4510"},"modified":"2025-04-28T09:53:02","modified_gmt":"2025-04-28T09:53:02","slug":"whistleblower","status":"publish","type":"page","link":"https:\/\/www.schulte-duesseldorf.de\/?page_id=4510&lang=en","title":{"rendered":"WHISTLEBLOWER"},"content":{"rendered":"\t\t<div data-elementor-type=\"wp-page\" data-elementor-id=\"4510\" class=\"elementor elementor-4510\">\n\t\t\t\t\t\t<section class=\"elementor-section elementor-top-section elementor-element elementor-element-9bfc71d elementor-section-full_width elementor-section-height-default elementor-section-height-default\" data-id=\"9bfc71d\" data-element_type=\"section\" data-e-type=\"section\" data-settings=\"{&quot;background_background&quot;:&quot;classic&quot;}\">\n\t\t\t\t\t\t\t<div class=\"elementor-background-overlay\"><\/div>\n\t\t\t\t\t\t\t<div class=\"elementor-container elementor-column-gap-default\">\n\t\t\t\t\t<div class=\"elementor-column elementor-col-100 elementor-top-column elementor-element elementor-element-bee970f\" data-id=\"bee970f\" data-element_type=\"column\" data-e-type=\"column\">\n\t\t\t<div class=\"elementor-widget-wrap elementor-element-populated\">\n\t\t\t\t\t\t<section class=\"elementor-section elementor-inner-section elementor-element elementor-element-8bf0d66 elementor-section-boxed elementor-section-height-default elementor-section-height-default\" data-id=\"8bf0d66\" data-element_type=\"section\" data-e-type=\"section\">\n\t\t\t\t\t\t<div class=\"elementor-container elementor-column-gap-default\">\n\t\t\t\t\t<div class=\"elementor-column elementor-col-100 elementor-inner-column elementor-element elementor-element-7210ffe\" data-id=\"7210ffe\" data-element_type=\"column\" data-e-type=\"column\">\n\t\t\t<div class=\"elementor-widget-wrap elementor-element-populated\">\n\t\t\t\t\t\t<div class=\"elementor-element elementor-element-4aa9893 elementor-hidden-mobile elementor-widget elementor-widget-image\" data-id=\"4aa9893\" data-element_type=\"widget\" data-e-type=\"widget\" data-widget_type=\"image.default\">\n\t\t\t\t<div class=\"elementor-widget-container\">\n\t\t\t\t\t\t\t\t\t\t\t\t\t\t\t<img decoding=\"async\" width=\"128\" height=\"155\" src=\"https:\/\/www.schulte-duesseldorf.de\/wp-content\/uploads\/2023\/04\/schulte_logo_transparent_weiss.png\" class=\"attachment-large size-large wp-image-672\" alt=\"\" \/>\t\t\t\t\t\t\t\t\t\t\t\t\t\t\t<\/div>\n\t\t\t\t<\/div>\n\t\t\t\t\t<\/div>\n\t\t<\/div>\n\t\t\t\t\t<\/div>\n\t\t<\/section>\n\t\t\t\t<section class=\"elementor-section elementor-inner-section elementor-element elementor-element-56facfb elementor-section-boxed elementor-section-height-default elementor-section-height-default\" data-id=\"56facfb\" data-element_type=\"section\" data-e-type=\"section\">\n\t\t\t\t\t\t<div class=\"elementor-container elementor-column-gap-default\">\n\t\t\t\t\t<div class=\"elementor-column elementor-col-50 elementor-inner-column elementor-element elementor-element-b036187\" data-id=\"b036187\" data-element_type=\"column\" data-e-type=\"column\">\n\t\t\t<div class=\"elementor-widget-wrap\">\n\t\t\t\t\t\t\t<\/div>\n\t\t<\/div>\n\t\t\t\t<div class=\"elementor-column elementor-col-50 elementor-inner-column elementor-element elementor-element-ff4de94\" data-id=\"ff4de94\" data-element_type=\"column\" data-e-type=\"column\">\n\t\t\t<div class=\"elementor-widget-wrap elementor-element-populated\">\n\t\t\t\t\t\t<div class=\"elementor-element elementor-element-15af226 elementor-widget elementor-widget-heading\" data-id=\"15af226\" data-element_type=\"widget\" data-e-type=\"widget\" data-widget_type=\"heading.default\">\n\t\t\t\t<div class=\"elementor-widget-container\">\n\t\t\t\t\t<h1 class=\"elementor-heading-title elementor-size-default\">Whistleblower<\/h1>\t\t\t\t<\/div>\n\t\t\t\t<\/div>\n\t\t\t\t\t<\/div>\n\t\t<\/div>\n\t\t\t\t\t<\/div>\n\t\t<\/section>\n\t\t\t\t<section class=\"elementor-section elementor-inner-section elementor-element elementor-element-280fe01 elementor-section-boxed elementor-section-height-default elementor-section-height-default\" data-id=\"280fe01\" data-element_type=\"section\" data-e-type=\"section\">\n\t\t\t\t\t\t<div class=\"elementor-container elementor-column-gap-default\">\n\t\t\t\t\t<div class=\"elementor-column elementor-col-100 elementor-inner-column elementor-element elementor-element-6189865\" data-id=\"6189865\" data-element_type=\"column\" data-e-type=\"column\">\n\t\t\t<div class=\"elementor-widget-wrap elementor-element-populated\">\n\t\t\t\t\t\t<div class=\"elementor-element elementor-element-99015d1 elementor-widget elementor-widget-spacer\" data-id=\"99015d1\" data-element_type=\"widget\" data-e-type=\"widget\" data-widget_type=\"spacer.default\">\n\t\t\t\t<div class=\"elementor-widget-container\">\n\t\t\t\t\t\t\t<div class=\"elementor-spacer\">\n\t\t\t<div class=\"elementor-spacer-inner\"><\/div>\n\t\t<\/div>\n\t\t\t\t\t\t<\/div>\n\t\t\t\t<\/div>\n\t\t\t\t\t<\/div>\n\t\t<\/div>\n\t\t\t\t\t<\/div>\n\t\t<\/section>\n\t\t\t\t<section class=\"elementor-section elementor-inner-section elementor-element elementor-element-d4c1533 elementor-section-boxed elementor-section-height-default elementor-section-height-default\" data-id=\"d4c1533\" data-element_type=\"section\" data-e-type=\"section\">\n\t\t\t\t\t\t<div class=\"elementor-container elementor-column-gap-default\">\n\t\t\t\t\t<div class=\"elementor-column elementor-col-50 elementor-inner-column elementor-element elementor-element-6779494\" data-id=\"6779494\" data-element_type=\"column\" data-e-type=\"column\">\n\t\t\t<div class=\"elementor-widget-wrap\">\n\t\t\t\t\t\t\t<\/div>\n\t\t<\/div>\n\t\t\t\t<div class=\"elementor-column elementor-col-50 elementor-inner-column elementor-element elementor-element-1e949f5\" data-id=\"1e949f5\" data-element_type=\"column\" data-e-type=\"column\">\n\t\t\t<div class=\"elementor-widget-wrap elementor-element-populated\">\n\t\t\t\t\t\t<div class=\"elementor-element elementor-element-a5ecb5b elementor-widget__width-initial elementor-widget elementor-widget-button\" data-id=\"a5ecb5b\" data-element_type=\"widget\" data-e-type=\"widget\" data-widget_type=\"button.default\">\n\t\t\t\t<div class=\"elementor-widget-container\">\n\t\t\t\t\t\t\t\t\t<div class=\"elementor-button-wrapper\">\n\t\t\t\t\t<a class=\"elementor-button elementor-button-link elementor-size-sm\" href=\"mailto:Hinweisgeber@schulte-duesseldorf.de\">\n\t\t\t\t\t\t<span class=\"elementor-button-content-wrapper\">\n\t\t\t\t\t\t<span class=\"elementor-button-icon\">\n\t\t\t\t<i aria-hidden=\"true\" class=\"icon icon-email\"><\/i>\t\t\t<\/span>\n\t\t\t\t\t\t\t\t\t<span class=\"elementor-button-text\">CONTACT DATA<\/span>\n\t\t\t\t\t<\/span>\n\t\t\t\t\t<\/a>\n\t\t\t\t<\/div>\n\t\t\t\t\t\t\t\t<\/div>\n\t\t\t\t<\/div>\n\t\t\t\t\t<\/div>\n\t\t<\/div>\n\t\t\t\t\t<\/div>\n\t\t<\/section>\n\t\t\t\t\t<\/div>\n\t\t<\/div>\n\t\t\t\t\t<\/div>\n\t\t<\/section>\n\t\t\t\t<section class=\"elementor-section elementor-top-section elementor-element elementor-element-4deb3b1 elementor-section-full_width elementor-section-height-default elementor-section-height-default\" data-id=\"4deb3b1\" data-element_type=\"section\" data-e-type=\"section\" data-settings=\"{&quot;background_background&quot;:&quot;classic&quot;}\">\n\t\t\t\t\t\t<div class=\"elementor-container elementor-column-gap-default\">\n\t\t\t\t\t<div class=\"elementor-column elementor-col-33 elementor-top-column elementor-element elementor-element-7c10c8e\" data-id=\"7c10c8e\" data-element_type=\"column\" data-e-type=\"column\">\n\t\t\t<div class=\"elementor-widget-wrap\">\n\t\t\t\t\t\t\t<\/div>\n\t\t<\/div>\n\t\t\t\t<div class=\"elementor-column elementor-col-33 elementor-top-column elementor-element elementor-element-b2f3ac1\" data-id=\"b2f3ac1\" data-element_type=\"column\" data-e-type=\"column\">\n\t\t\t<div class=\"elementor-widget-wrap elementor-element-populated\">\n\t\t\t\t\t\t<div class=\"elementor-element elementor-element-22fa861 elementor-widget elementor-widget-heading\" data-id=\"22fa861\" data-element_type=\"widget\" data-e-type=\"widget\" data-widget_type=\"heading.default\">\n\t\t\t\t<div class=\"elementor-widget-container\">\n\t\t\t\t\t<h2 class=\"elementor-heading-title elementor-size-default\">Whistleblower Protection Act Reporting Office<\/h2>\t\t\t\t<\/div>\n\t\t\t\t<\/div>\n\t\t\t\t<div class=\"elementor-element elementor-element-c2a4a58 elementor-widget-divider--view-line elementor-widget elementor-widget-divider\" data-id=\"c2a4a58\" data-element_type=\"widget\" data-e-type=\"widget\" data-widget_type=\"divider.default\">\n\t\t\t\t<div class=\"elementor-widget-container\">\n\t\t\t\t\t\t\t<div class=\"elementor-divider\">\n\t\t\t<span class=\"elementor-divider-separator\">\n\t\t\t\t\t\t<\/span>\n\t\t<\/div>\n\t\t\t\t\t\t<\/div>\n\t\t\t\t<\/div>\n\t\t\t\t<div class=\"elementor-element elementor-element-a8ec319 elementor-widget elementor-widget-text-editor\" data-id=\"a8ec319\" data-element_type=\"widget\" data-e-type=\"widget\" data-widget_type=\"text-editor.default\">\n\t\t\t\t<div class=\"elementor-widget-container\">\n\t\t\t\t\t\t\t\t\t<p>The basis of all activities of Julius Schulte D\u00fcsseldorf GmbH &amp; Co. KG is based on compliance with laws and internal guidelines. <br>Ethics and compliant behaviour are essential elements of our corporate culture.<\/p>\n<p>In order to meet this requirement it is very important to identify possible misconduct at an early stage. Our whistleblower protection system therefore acts as a protective mechanism for our employees, customers and business partners. This is intended to minimize the effects and consequences of individual errors.<\/p>\n<p>Our whistleblower protection system is intended to provide our employees and all interested parties with an opportunity to report violations of our code of conduct. The information provided by whistleblowers is subject to confidentiality in accordance with legal regulations.<\/p>\t\t\t\t\t\t\t\t<\/div>\n\t\t\t\t<\/div>\n\t\t\t\t<div class=\"elementor-element elementor-element-16f940e elementor-widget-divider--view-line elementor-widget elementor-widget-divider\" data-id=\"16f940e\" data-element_type=\"widget\" data-e-type=\"widget\" data-widget_type=\"divider.default\">\n\t\t\t\t<div class=\"elementor-widget-container\">\n\t\t\t\t\t\t\t<div class=\"elementor-divider\">\n\t\t\t<span class=\"elementor-divider-separator\">\n\t\t\t\t\t\t<\/span>\n\t\t<\/div>\n\t\t\t\t\t\t<\/div>\n\t\t\t\t<\/div>\n\t\t\t\t\t<\/div>\n\t\t<\/div>\n\t\t\t\t<div class=\"elementor-column elementor-col-33 elementor-top-column elementor-element elementor-element-0ee4303\" data-id=\"0ee4303\" data-element_type=\"column\" data-e-type=\"column\">\n\t\t\t<div class=\"elementor-widget-wrap\">\n\t\t\t\t\t\t\t<\/div>\n\t\t<\/div>\n\t\t\t\t\t<\/div>\n\t\t<\/section>\n\t\t\t\t<section class=\"elementor-section elementor-top-section elementor-element elementor-element-9985e31 elementor-section-boxed elementor-section-height-default elementor-section-height-default\" data-id=\"9985e31\" data-element_type=\"section\" data-e-type=\"section\">\n\t\t\t\t\t\t<div class=\"elementor-container elementor-column-gap-default\">\n\t\t\t\t\t<div class=\"elementor-column elementor-col-100 elementor-top-column elementor-element elementor-element-256cdd2\" data-id=\"256cdd2\" data-element_type=\"column\" data-e-type=\"column\">\n\t\t\t<div class=\"elementor-widget-wrap elementor-element-populated\">\n\t\t\t\t\t\t<div class=\"elementor-element elementor-element-8082a13 elementor-widget elementor-widget-text-editor\" data-id=\"8082a13\" data-element_type=\"widget\" data-e-type=\"widget\" data-widget_type=\"text-editor.default\">\n\t\t\t\t<div class=\"elementor-widget-container\">\n\t\t\t\t\t\t\t\t\t<p style=\"text-align: center;\">Contact data<\/p>\t\t\t\t\t\t\t\t<\/div>\n\t\t\t\t<\/div>\n\t\t\t\t<div class=\"elementor-element elementor-element-5c627f2 elementor-widget-divider--view-line elementor-widget elementor-widget-divider\" data-id=\"5c627f2\" data-element_type=\"widget\" data-e-type=\"widget\" data-widget_type=\"divider.default\">\n\t\t\t\t<div class=\"elementor-widget-container\">\n\t\t\t\t\t\t\t<div class=\"elementor-divider\">\n\t\t\t<span class=\"elementor-divider-separator\">\n\t\t\t\t\t\t<\/span>\n\t\t<\/div>\n\t\t\t\t\t\t<\/div>\n\t\t\t\t<\/div>\n\t\t\t\t<div class=\"elementor-element elementor-element-4dfe762 elementor-widget elementor-widget-text-editor\" data-id=\"4dfe762\" data-element_type=\"widget\" data-e-type=\"widget\" data-widget_type=\"text-editor.default\">\n\t\t\t\t<div class=\"elementor-widget-container\">\n\t\t\t\t\t\t\t\t\t<p style=\"text-align: center;\">E-Mail: <a href=\"mailto:Hinweisgeber@schulte-duesseldorf.de\">Hinweisgeber@schulte-duesseldorf.de<\/a><\/p>\t\t\t\t\t\t\t\t<\/div>\n\t\t\t\t<\/div>\n\t\t\t\t\t<\/div>\n\t\t<\/div>\n\t\t\t\t\t<\/div>\n\t\t<\/section>\n\t\t\t\t<\/div>\n\t\t","protected":false},"excerpt":{"rendered":"<p>Whistleblower CONTACT DATA Whistleblower Protection Act Reporting Office The basis of all activities of Julius Schulte D\u00fcsseldorf GmbH &amp; Co. KG is based on compliance with laws and internal guidelines. Ethics and compliant behaviour are essential elements of our corporate culture. In order to meet this requirement it is very important to identify possible misconduct [&hellip;]<\/p>\n","protected":false},"author":4,"featured_media":0,"parent":0,"menu_order":0,"comment_status":"closed","ping_status":"closed","template":"","meta":{"footnotes":""},"class_list":["post-4510","page","type-page","status-publish","hentry"],"yoast_head":"<!-- This site is optimized with the Yoast SEO plugin v27.0 - https:\/\/yoast.com\/product\/yoast-seo-wordpress\/ -->\n<title>Das ist die Historie von Schulte D\u00fcsseldorf<\/title>\n<meta name=\"description\" content=\"Hier erz\u00e4hlen wir \u00fcber die Geschichte und Entstehung unseres Standortes. Erfahren Sie mehr \u00fcber unsere Historie.\" \/>\n<meta name=\"robots\" content=\"index, follow, max-snippet:-1, max-image-preview:large, max-video-preview:-1\" \/>\n<link rel=\"canonical\" href=\"https:\/\/www.schulte-duesseldorf.de\/?page_id=4510&lang=en\" \/>\n<meta property=\"og:locale\" content=\"de_DE\" \/>\n<meta property=\"og:type\" content=\"article\" \/>\n<meta property=\"og:title\" content=\"Das ist die Historie von Schulte D\u00fcsseldorf\" \/>\n<meta property=\"og:description\" content=\"Hier erz\u00e4hlen wir \u00fcber die Geschichte und Entstehung unseres Standortes. Erfahren Sie mehr \u00fcber unsere Historie.\" \/>\n<meta property=\"og:url\" content=\"https:\/\/www.schulte-duesseldorf.de\/?page_id=4510&amp;lang=en\" \/>\n<meta property=\"og:site_name\" content=\"Julius Schulte S\u00f6hne\" \/>\n<meta property=\"article:modified_time\" content=\"2025-04-28T09:53:02+00:00\" \/>\n<meta property=\"og:image\" content=\"https:\/\/www.schulte-duesseldorf.de\/wp-content\/uploads\/2023\/04\/schulte_logo_transparent_weiss.png\" \/>\n\t<meta property=\"og:image:width\" content=\"128\" \/>\n\t<meta property=\"og:image:height\" content=\"155\" \/>\n\t<meta property=\"og:image:type\" content=\"image\/png\" \/>\n<meta name=\"twitter:card\" content=\"summary_large_image\" \/>\n<meta name=\"twitter:label1\" content=\"Gesch\u00e4tzte Lesezeit\" \/>\n\t<meta name=\"twitter:data1\" content=\"1\u00a0Minute\" \/>\n<script type=\"application\/ld+json\" class=\"yoast-schema-graph\">{\"@context\":\"https:\/\/schema.org\",\"@graph\":[{\"@type\":\"WebPage\",\"@id\":\"https:\/\/www.schulte-duesseldorf.de\/?page_id=4510&lang=en\",\"url\":\"https:\/\/www.schulte-duesseldorf.de\/?page_id=4510&lang=en\",\"name\":\"Das ist die Historie von Schulte D\u00fcsseldorf\",\"isPartOf\":{\"@id\":\"https:\/\/www.schulte-duesseldorf.de\/#website\"},\"primaryImageOfPage\":{\"@id\":\"https:\/\/www.schulte-duesseldorf.de\/?page_id=4510&lang=en#primaryimage\"},\"image\":{\"@id\":\"https:\/\/www.schulte-duesseldorf.de\/?page_id=4510&lang=en#primaryimage\"},\"thumbnailUrl\":\"https:\/\/www.schulte-duesseldorf.de\/wp-content\/uploads\/2023\/04\/schulte_logo_transparent_weiss.png\",\"datePublished\":\"2025-01-30T13:33:28+00:00\",\"dateModified\":\"2025-04-28T09:53:02+00:00\",\"description\":\"Hier erz\u00e4hlen wir \u00fcber die Geschichte und Entstehung unseres Standortes. Erfahren Sie mehr \u00fcber unsere Historie.\",\"breadcrumb\":{\"@id\":\"https:\/\/www.schulte-duesseldorf.de\/?page_id=4510&lang=en#breadcrumb\"},\"inLanguage\":\"de\",\"potentialAction\":[{\"@type\":\"ReadAction\",\"target\":[\"https:\/\/www.schulte-duesseldorf.de\/?page_id=4510&lang=en\"]}]},{\"@type\":\"ImageObject\",\"inLanguage\":\"de\",\"@id\":\"https:\/\/www.schulte-duesseldorf.de\/?page_id=4510&lang=en#primaryimage\",\"url\":\"https:\/\/www.schulte-duesseldorf.de\/wp-content\/uploads\/2023\/04\/schulte_logo_transparent_weiss.png\",\"contentUrl\":\"https:\/\/www.schulte-duesseldorf.de\/wp-content\/uploads\/2023\/04\/schulte_logo_transparent_weiss.png\",\"width\":128,\"height\":155},{\"@type\":\"BreadcrumbList\",\"@id\":\"https:\/\/www.schulte-duesseldorf.de\/?page_id=4510&lang=en#breadcrumb\",\"itemListElement\":[{\"@type\":\"ListItem\",\"position\":1,\"name\":\"Startseite\",\"item\":\"https:\/\/www.schulte-duesseldorf.de\/\"},{\"@type\":\"ListItem\",\"position\":2,\"name\":\"WHISTLEBLOWER\"}]},{\"@type\":\"WebSite\",\"@id\":\"https:\/\/www.schulte-duesseldorf.de\/#website\",\"url\":\"https:\/\/www.schulte-duesseldorf.de\/\",\"name\":\"Julius Schulte S\u00f6hne\",\"description\":\"Papier und Karton aus D\u00fcsseldorf\",\"potentialAction\":[{\"@type\":\"SearchAction\",\"target\":{\"@type\":\"EntryPoint\",\"urlTemplate\":\"https:\/\/www.schulte-duesseldorf.de\/?s={search_term_string}\"},\"query-input\":{\"@type\":\"PropertyValueSpecification\",\"valueRequired\":true,\"valueName\":\"search_term_string\"}}],\"inLanguage\":\"de\"}]}<\/script>\n<!-- \/ Yoast SEO plugin. -->","yoast_head_json":{"title":"Das ist die Historie von Schulte D\u00fcsseldorf","description":"Hier erz\u00e4hlen wir \u00fcber die Geschichte und Entstehung unseres Standortes. Erfahren Sie mehr \u00fcber unsere Historie.","robots":{"index":"index","follow":"follow","max-snippet":"max-snippet:-1","max-image-preview":"max-image-preview:large","max-video-preview":"max-video-preview:-1"},"canonical":"https:\/\/www.schulte-duesseldorf.de\/?page_id=4510&lang=en","og_locale":"de_DE","og_type":"article","og_title":"Das ist die Historie von Schulte D\u00fcsseldorf","og_description":"Hier erz\u00e4hlen wir \u00fcber die Geschichte und Entstehung unseres Standortes. Erfahren Sie mehr \u00fcber unsere Historie.","og_url":"https:\/\/www.schulte-duesseldorf.de\/?page_id=4510&lang=en","og_site_name":"Julius Schulte S\u00f6hne","article_modified_time":"2025-04-28T09:53:02+00:00","og_image":[{"width":128,"height":155,"url":"https:\/\/www.schulte-duesseldorf.de\/wp-content\/uploads\/2023\/04\/schulte_logo_transparent_weiss.png","type":"image\/png"}],"twitter_card":"summary_large_image","twitter_misc":{"Gesch\u00e4tzte Lesezeit":"1\u00a0Minute"},"schema":{"@context":"https:\/\/schema.org","@graph":[{"@type":"WebPage","@id":"https:\/\/www.schulte-duesseldorf.de\/?page_id=4510&lang=en","url":"https:\/\/www.schulte-duesseldorf.de\/?page_id=4510&lang=en","name":"Das ist die Historie von Schulte D\u00fcsseldorf","isPartOf":{"@id":"https:\/\/www.schulte-duesseldorf.de\/#website"},"primaryImageOfPage":{"@id":"https:\/\/www.schulte-duesseldorf.de\/?page_id=4510&lang=en#primaryimage"},"image":{"@id":"https:\/\/www.schulte-duesseldorf.de\/?page_id=4510&lang=en#primaryimage"},"thumbnailUrl":"https:\/\/www.schulte-duesseldorf.de\/wp-content\/uploads\/2023\/04\/schulte_logo_transparent_weiss.png","datePublished":"2025-01-30T13:33:28+00:00","dateModified":"2025-04-28T09:53:02+00:00","description":"Hier erz\u00e4hlen wir \u00fcber die Geschichte und Entstehung unseres Standortes. Erfahren Sie mehr \u00fcber unsere Historie.","breadcrumb":{"@id":"https:\/\/www.schulte-duesseldorf.de\/?page_id=4510&lang=en#breadcrumb"},"inLanguage":"de","potentialAction":[{"@type":"ReadAction","target":["https:\/\/www.schulte-duesseldorf.de\/?page_id=4510&lang=en"]}]},{"@type":"ImageObject","inLanguage":"de","@id":"https:\/\/www.schulte-duesseldorf.de\/?page_id=4510&lang=en#primaryimage","url":"https:\/\/www.schulte-duesseldorf.de\/wp-content\/uploads\/2023\/04\/schulte_logo_transparent_weiss.png","contentUrl":"https:\/\/www.schulte-duesseldorf.de\/wp-content\/uploads\/2023\/04\/schulte_logo_transparent_weiss.png","width":128,"height":155},{"@type":"BreadcrumbList","@id":"https:\/\/www.schulte-duesseldorf.de\/?page_id=4510&lang=en#breadcrumb","itemListElement":[{"@type":"ListItem","position":1,"name":"Startseite","item":"https:\/\/www.schulte-duesseldorf.de\/"},{"@type":"ListItem","position":2,"name":"WHISTLEBLOWER"}]},{"@type":"WebSite","@id":"https:\/\/www.schulte-duesseldorf.de\/#website","url":"https:\/\/www.schulte-duesseldorf.de\/","name":"Julius Schulte S\u00f6hne","description":"Papier und Karton aus D\u00fcsseldorf","potentialAction":[{"@type":"SearchAction","target":{"@type":"EntryPoint","urlTemplate":"https:\/\/www.schulte-duesseldorf.de\/?s={search_term_string}"},"query-input":{"@type":"PropertyValueSpecification","valueRequired":true,"valueName":"search_term_string"}}],"inLanguage":"de"}]}},"_links":{"self":[{"href":"https:\/\/www.schulte-duesseldorf.de\/index.php?rest_route=\/wp\/v2\/pages\/4510","targetHints":{"allow":["GET"]}}],"collection":[{"href":"https:\/\/www.schulte-duesseldorf.de\/index.php?rest_route=\/wp\/v2\/pages"}],"about":[{"href":"https:\/\/www.schulte-duesseldorf.de\/index.php?rest_route=\/wp\/v2\/types\/page"}],"author":[{"embeddable":true,"href":"https:\/\/www.schulte-duesseldorf.de\/index.php?rest_route=\/wp\/v2\/users\/4"}],"replies":[{"embeddable":true,"href":"https:\/\/www.schulte-duesseldorf.de\/index.php?rest_route=%2Fwp%2Fv2%2Fcomments&post=4510"}],"version-history":[{"count":16,"href":"https:\/\/www.schulte-duesseldorf.de\/index.php?rest_route=\/wp\/v2\/pages\/4510\/revisions"}],"predecessor-version":[{"id":4628,"href":"https:\/\/www.schulte-duesseldorf.de\/index.php?rest_route=\/wp\/v2\/pages\/4510\/revisions\/4628"}],"wp:attachment":[{"href":"https:\/\/www.schulte-duesseldorf.de\/index.php?rest_route=%2Fwp%2Fv2%2Fmedia&parent=4510"}],"curies":[{"name":"wp","href":"https:\/\/api.w.org\/{rel}","templated":true}]}}