{"id":2860,"date":"2023-12-04T08:22:45","date_gmt":"2023-12-04T08:22:45","guid":{"rendered":"https:\/\/schulte-duesseldorf.emmtronics.de\/?page_id=2860"},"modified":"2025-05-23T10:45:18","modified_gmt":"2025-05-23T10:45:18","slug":"impressum-2","status":"publish","type":"page","link":"https:\/\/www.schulte-duesseldorf.de\/?page_id=2860&lang=en","title":{"rendered":"IMPRESSUM"},"content":{"rendered":"\t\t<div data-elementor-type=\"wp-page\" data-elementor-id=\"2860\" class=\"elementor elementor-2860\">\n\t\t\t\t\t\t<section class=\"elementor-section elementor-top-section elementor-element elementor-element-79a6869 elementor-section-full_width elementor-section-height-min-height elementor-section-height-default elementor-section-items-middle\" data-id=\"79a6869\" data-element_type=\"section\" data-e-type=\"section\" data-settings=\"{&quot;background_background&quot;:&quot;slideshow&quot;,&quot;background_slideshow_gallery&quot;:[{&quot;id&quot;:3991,&quot;url&quot;:&quot;https:\\\/\\\/www.schulte-duesseldorf.de\\\/wp-content\\\/uploads\\\/2024\\\/06\\\/230823-0004-scaled-1.jpg&quot;}],&quot;background_slideshow_slide_duration&quot;:5000,&quot;background_slideshow_slide_transition&quot;:&quot;fade&quot;,&quot;background_slideshow_transition_duration&quot;:500}\">\n\t\t\t\t\t\t\t<div class=\"elementor-background-overlay\"><\/div>\n\t\t\t\t\t\t\t<div class=\"elementor-container elementor-column-gap-default\">\n\t\t\t\t\t<div class=\"elementor-column elementor-col-100 elementor-top-column elementor-element elementor-element-fb84591\" data-id=\"fb84591\" data-element_type=\"column\" data-e-type=\"column\">\n\t\t\t<div class=\"elementor-widget-wrap elementor-element-populated\">\n\t\t\t\t\t\t<section class=\"elementor-section elementor-inner-section elementor-element elementor-element-cc32b91 elementor-section-boxed elementor-section-height-default elementor-section-height-default\" data-id=\"cc32b91\" data-element_type=\"section\" data-e-type=\"section\">\n\t\t\t\t\t\t<div class=\"elementor-container elementor-column-gap-default\">\n\t\t\t\t\t<div class=\"elementor-column elementor-col-50 elementor-inner-column elementor-element elementor-element-e6f497d\" data-id=\"e6f497d\" data-element_type=\"column\" data-e-type=\"column\">\n\t\t\t<div class=\"elementor-widget-wrap\">\n\t\t\t\t\t\t\t<\/div>\n\t\t<\/div>\n\t\t\t\t<div class=\"elementor-column elementor-col-50 elementor-inner-column elementor-element elementor-element-c3391d2\" data-id=\"c3391d2\" data-element_type=\"column\" data-e-type=\"column\">\n\t\t\t<div class=\"elementor-widget-wrap elementor-element-populated\">\n\t\t\t\t\t\t<div class=\"elementor-element elementor-element-e91f4d6 elementor-hidden-mobile elementor-widget elementor-widget-image\" data-id=\"e91f4d6\" data-element_type=\"widget\" data-e-type=\"widget\" data-widget_type=\"image.default\">\n\t\t\t\t<div class=\"elementor-widget-container\">\n\t\t\t\t\t\t\t\t\t\t\t\t\t\t\t<img decoding=\"async\" width=\"128\" height=\"155\" src=\"https:\/\/www.schulte-duesseldorf.de\/wp-content\/uploads\/2023\/04\/schulte_logo_transparent_weiss.png\" class=\"attachment-large size-large wp-image-672\" alt=\"\" \/>\t\t\t\t\t\t\t\t\t\t\t\t\t\t\t<\/div>\n\t\t\t\t<\/div>\n\t\t\t\t\t<\/div>\n\t\t<\/div>\n\t\t\t\t\t<\/div>\n\t\t<\/section>\n\t\t\t\t<section class=\"elementor-section elementor-inner-section elementor-element elementor-element-72e0c53 elementor-section-boxed elementor-section-height-default elementor-section-height-default\" data-id=\"72e0c53\" data-element_type=\"section\" data-e-type=\"section\">\n\t\t\t\t\t\t<div class=\"elementor-container elementor-column-gap-default\">\n\t\t\t\t\t<div class=\"elementor-column elementor-col-50 elementor-inner-column elementor-element elementor-element-b074828\" data-id=\"b074828\" data-element_type=\"column\" data-e-type=\"column\">\n\t\t\t<div class=\"elementor-widget-wrap\">\n\t\t\t\t\t\t\t<\/div>\n\t\t<\/div>\n\t\t\t\t<div class=\"elementor-column elementor-col-50 elementor-inner-column elementor-element elementor-element-1a74608\" data-id=\"1a74608\" data-element_type=\"column\" data-e-type=\"column\">\n\t\t\t<div class=\"elementor-widget-wrap elementor-element-populated\">\n\t\t\t\t\t\t<div class=\"elementor-element elementor-element-fed7417 elementor-widget elementor-widget-heading\" data-id=\"fed7417\" data-element_type=\"widget\" data-e-type=\"widget\" data-widget_type=\"heading.default\">\n\t\t\t\t<div class=\"elementor-widget-container\">\n\t\t\t\t\t<h2 class=\"elementor-heading-title elementor-size-default\">Imprint<\/h2>\t\t\t\t<\/div>\n\t\t\t\t<\/div>\n\t\t\t\t\t<\/div>\n\t\t<\/div>\n\t\t\t\t\t<\/div>\n\t\t<\/section>\n\t\t\t\t\t<\/div>\n\t\t<\/div>\n\t\t\t\t\t<\/div>\n\t\t<\/section>\n\t\t\t\t<section class=\"elementor-section elementor-top-section elementor-element elementor-element-4deb3b1 elementor-section-full_width elementor-section-height-default elementor-section-height-default\" data-id=\"4deb3b1\" data-element_type=\"section\" data-e-type=\"section\">\n\t\t\t\t\t\t<div class=\"elementor-container elementor-column-gap-default\">\n\t\t\t\t\t<div class=\"elementor-column elementor-col-33 elementor-top-column elementor-element elementor-element-7c10c8e\" data-id=\"7c10c8e\" data-element_type=\"column\" data-e-type=\"column\">\n\t\t\t<div class=\"elementor-widget-wrap\">\n\t\t\t\t\t\t\t<\/div>\n\t\t<\/div>\n\t\t\t\t<div class=\"elementor-column elementor-col-33 elementor-top-column elementor-element elementor-element-b2f3ac1\" data-id=\"b2f3ac1\" data-element_type=\"column\" data-e-type=\"column\">\n\t\t\t<div class=\"elementor-widget-wrap elementor-element-populated\">\n\t\t\t\t\t\t<div class=\"elementor-element elementor-element-22fa861 elementor-widget elementor-widget-heading\" data-id=\"22fa861\" data-element_type=\"widget\" data-e-type=\"widget\" data-widget_type=\"heading.default\">\n\t\t\t\t<div class=\"elementor-widget-container\">\n\t\t\t\t\t<h2 class=\"elementor-heading-title elementor-size-default\">Imprint<\/h2>\t\t\t\t<\/div>\n\t\t\t\t<\/div>\n\t\t\t\t<div class=\"elementor-element elementor-element-c2a4a58 elementor-widget-divider--view-line elementor-widget elementor-widget-divider\" data-id=\"c2a4a58\" data-element_type=\"widget\" data-e-type=\"widget\" data-widget_type=\"divider.default\">\n\t\t\t\t<div class=\"elementor-widget-container\">\n\t\t\t\t\t\t\t<div class=\"elementor-divider\">\n\t\t\t<span class=\"elementor-divider-separator\">\n\t\t\t\t\t\t<\/span>\n\t\t<\/div>\n\t\t\t\t\t\t<\/div>\n\t\t\t\t<\/div>\n\t\t\t\t<div class=\"elementor-element elementor-element-214321b elementor-widget elementor-widget-heading\" data-id=\"214321b\" data-element_type=\"widget\" data-e-type=\"widget\" data-widget_type=\"heading.default\">\n\t\t\t\t<div class=\"elementor-widget-container\">\n\t\t\t\t\t<h3 class=\"elementor-heading-title elementor-size-default\">Julius Schulte S\u00f6hne GmbH &amp; Co. KG<\/h3>\t\t\t\t<\/div>\n\t\t\t\t<\/div>\n\t\t\t\t<div class=\"elementor-element elementor-element-7f1ceee elementor-widget elementor-widget-text-editor\" data-id=\"7f1ceee\" data-element_type=\"widget\" data-e-type=\"widget\" data-widget_type=\"text-editor.default\">\n\t\t\t\t<div class=\"elementor-widget-container\">\n\t\t\t\t\t\t\t\t\t<h5>Address<\/h5><p>Fruchtstrasse 28<br \/>P.O. Box 25 01 43<br \/>40223 D\u00fcsseldorf<br \/>Phone: +49 (0)211 \/ 310 83-0<\/p>\t\t\t\t\t\t\t\t<\/div>\n\t\t\t\t<\/div>\n\t\t\t\t<div class=\"elementor-element elementor-element-a8ec319 elementor-widget elementor-widget-text-editor\" data-id=\"a8ec319\" data-element_type=\"widget\" data-e-type=\"widget\" data-widget_type=\"text-editor.default\">\n\t\t\t\t<div class=\"elementor-widget-container\">\n\t\t\t\t\t\t\t\t\t<p>Limited partnership D\u00fcsseldorf<\/p><p>Register court D\u00fcsseldorf<br \/>Commercial register: <strong>HRA 3120<\/strong><\/p>\t\t\t\t\t\t\t\t<\/div>\n\t\t\t\t<\/div>\n\t\t\t\t<div class=\"elementor-element elementor-element-86596fd elementor-widget elementor-widget-text-editor\" data-id=\"86596fd\" data-element_type=\"widget\" data-e-type=\"widget\" data-widget_type=\"text-editor.default\">\n\t\t\t\t<div class=\"elementor-widget-container\">\n\t\t\t\t\t\t\t\t\t<p>Personally liable partners<\/p><p><strong>Kurt Pothmann GmbH<\/strong>, D\u00fcsseldorf<br \/>D\u00fcsseldorf Register Court<br \/>Commercial register: <strong>HRB 10779<\/strong><\/p>\t\t\t\t\t\t\t\t<\/div>\n\t\t\t\t<\/div>\n\t\t\t\t<div class=\"elementor-element elementor-element-2766f73 elementor-widget elementor-widget-text-editor\" data-id=\"2766f73\" data-element_type=\"widget\" data-e-type=\"widget\" data-widget_type=\"text-editor.default\">\n\t\t\t\t<div class=\"elementor-widget-container\">\n\t\t\t\t\t\t\t\t\t<p>Managing Partner:<\/p><p><strong>J\u00f6rg Kober<\/strong><\/p>\t\t\t\t\t\t\t\t<\/div>\n\t\t\t\t<\/div>\n\t\t\t\t<div class=\"elementor-element elementor-element-0cdb2ce elementor-widget elementor-widget-text-editor\" data-id=\"0cdb2ce\" data-element_type=\"widget\" data-e-type=\"widget\" data-widget_type=\"text-editor.default\">\n\t\t\t\t<div class=\"elementor-widget-container\">\n\t\t\t\t\t\t\t\t\t<p>Managing Director:<\/p>\n<p><b>Michael Huber<\/b><\/p>\t\t\t\t\t\t\t\t<\/div>\n\t\t\t\t<\/div>\n\t\t\t\t<div class=\"elementor-element elementor-element-c625525 elementor-widget elementor-widget-text-editor\" data-id=\"c625525\" data-element_type=\"widget\" data-e-type=\"widget\" data-widget_type=\"text-editor.default\">\n\t\t\t\t<div class=\"elementor-widget-container\">\n\t\t\t\t\t\t\t\t\t<p>Place of jurisdiction is D\u00fcsseldorf<\/p><p>Our sales tax identification number according to \u00a727a sales tax law: <strong>DE 119 422 693<\/strong><\/p>\t\t\t\t\t\t\t\t<\/div>\n\t\t\t\t<\/div>\n\t\t\t\t\t<\/div>\n\t\t<\/div>\n\t\t\t\t<div class=\"elementor-column elementor-col-33 elementor-top-column elementor-element elementor-element-0ee4303\" data-id=\"0ee4303\" data-element_type=\"column\" data-e-type=\"column\">\n\t\t\t<div class=\"elementor-widget-wrap\">\n\t\t\t\t\t\t\t<\/div>\n\t\t<\/div>\n\t\t\t\t\t<\/div>\n\t\t<\/section>\n\t\t\t\t<\/div>\n\t\t","protected":false},"excerpt":{"rendered":"<p>Imprint Imprint Julius Schulte S\u00f6hne GmbH &amp; Co. KG Address Fruchtstrasse 28P.O. Box 25 01 4340223 D\u00fcsseldorfPhone: +49 (0)211 \/ 310 83-0 Limited partnership D\u00fcsseldorf Register court D\u00fcsseldorfCommercial register: HRA 3120 Personally liable partners Kurt Pothmann GmbH, D\u00fcsseldorfD\u00fcsseldorf Register CourtCommercial register: HRB 10779 Managing Partner: J\u00f6rg Kober Managing Director: Michael Huber Place of jurisdiction is [&hellip;]<\/p>\n","protected":false},"author":4,"featured_media":0,"parent":0,"menu_order":0,"comment_status":"closed","ping_status":"closed","template":"","meta":{"footnotes":""},"class_list":["post-2860","page","type-page","status-publish","hentry"],"yoast_head":"<!-- This site is optimized with the Yoast SEO plugin v27.0 - https:\/\/yoast.com\/product\/yoast-seo-wordpress\/ -->\n<title>Das ist die Historie von Schulte D\u00fcsseldorf<\/title>\n<meta name=\"description\" content=\"Hier erz\u00e4hlen wir \u00fcber die Geschichte und Entstehung unseres Standortes. Erfahren Sie mehr \u00fcber unsere Historie.\" \/>\n<meta name=\"robots\" content=\"index, follow, max-snippet:-1, max-image-preview:large, max-video-preview:-1\" \/>\n<link rel=\"canonical\" href=\"https:\/\/www.schulte-duesseldorf.de\/?page_id=2860&lang=en\" \/>\n<meta property=\"og:locale\" content=\"de_DE\" \/>\n<meta property=\"og:type\" content=\"article\" \/>\n<meta property=\"og:title\" content=\"Das ist die Historie von Schulte D\u00fcsseldorf\" \/>\n<meta property=\"og:description\" content=\"Hier erz\u00e4hlen wir \u00fcber die Geschichte und Entstehung unseres Standortes. Erfahren Sie mehr \u00fcber unsere Historie.\" \/>\n<meta property=\"og:url\" content=\"https:\/\/www.schulte-duesseldorf.de\/?page_id=2860&amp;lang=en\" \/>\n<meta property=\"og:site_name\" content=\"Julius Schulte S\u00f6hne\" \/>\n<meta property=\"article:modified_time\" content=\"2025-05-23T10:45:18+00:00\" \/>\n<meta property=\"og:image\" content=\"https:\/\/www.schulte-duesseldorf.de\/wp-content\/uploads\/2023\/04\/schulte_logo_transparent_weiss.png\" \/>\n\t<meta property=\"og:image:width\" content=\"128\" \/>\n\t<meta property=\"og:image:height\" content=\"155\" \/>\n\t<meta property=\"og:image:type\" content=\"image\/png\" \/>\n<meta name=\"twitter:card\" content=\"summary_large_image\" \/>\n<meta name=\"twitter:label1\" content=\"Gesch\u00e4tzte Lesezeit\" \/>\n\t<meta name=\"twitter:data1\" content=\"1\u00a0Minute\" \/>\n<script type=\"application\/ld+json\" class=\"yoast-schema-graph\">{\"@context\":\"https:\/\/schema.org\",\"@graph\":[{\"@type\":\"WebPage\",\"@id\":\"https:\/\/www.schulte-duesseldorf.de\/?page_id=2860&lang=en\",\"url\":\"https:\/\/www.schulte-duesseldorf.de\/?page_id=2860&lang=en\",\"name\":\"Das ist die Historie von Schulte D\u00fcsseldorf\",\"isPartOf\":{\"@id\":\"https:\/\/www.schulte-duesseldorf.de\/#website\"},\"primaryImageOfPage\":{\"@id\":\"https:\/\/www.schulte-duesseldorf.de\/?page_id=2860&lang=en#primaryimage\"},\"image\":{\"@id\":\"https:\/\/www.schulte-duesseldorf.de\/?page_id=2860&lang=en#primaryimage\"},\"thumbnailUrl\":\"https:\/\/www.schulte-duesseldorf.de\/wp-content\/uploads\/2023\/04\/schulte_logo_transparent_weiss.png\",\"datePublished\":\"2023-12-04T08:22:45+00:00\",\"dateModified\":\"2025-05-23T10:45:18+00:00\",\"description\":\"Hier erz\u00e4hlen wir \u00fcber die Geschichte und Entstehung unseres Standortes. Erfahren Sie mehr \u00fcber unsere Historie.\",\"breadcrumb\":{\"@id\":\"https:\/\/www.schulte-duesseldorf.de\/?page_id=2860&lang=en#breadcrumb\"},\"inLanguage\":\"de\",\"potentialAction\":[{\"@type\":\"ReadAction\",\"target\":[\"https:\/\/www.schulte-duesseldorf.de\/?page_id=2860&lang=en\"]}]},{\"@type\":\"ImageObject\",\"inLanguage\":\"de\",\"@id\":\"https:\/\/www.schulte-duesseldorf.de\/?page_id=2860&lang=en#primaryimage\",\"url\":\"https:\/\/www.schulte-duesseldorf.de\/wp-content\/uploads\/2023\/04\/schulte_logo_transparent_weiss.png\",\"contentUrl\":\"https:\/\/www.schulte-duesseldorf.de\/wp-content\/uploads\/2023\/04\/schulte_logo_transparent_weiss.png\",\"width\":128,\"height\":155},{\"@type\":\"BreadcrumbList\",\"@id\":\"https:\/\/www.schulte-duesseldorf.de\/?page_id=2860&lang=en#breadcrumb\",\"itemListElement\":[{\"@type\":\"ListItem\",\"position\":1,\"name\":\"Startseite\",\"item\":\"https:\/\/www.schulte-duesseldorf.de\/\"},{\"@type\":\"ListItem\",\"position\":2,\"name\":\"IMPRESSUM\"}]},{\"@type\":\"WebSite\",\"@id\":\"https:\/\/www.schulte-duesseldorf.de\/#website\",\"url\":\"https:\/\/www.schulte-duesseldorf.de\/\",\"name\":\"Julius Schulte S\u00f6hne\",\"description\":\"Papier und Karton aus D\u00fcsseldorf\",\"potentialAction\":[{\"@type\":\"SearchAction\",\"target\":{\"@type\":\"EntryPoint\",\"urlTemplate\":\"https:\/\/www.schulte-duesseldorf.de\/?s={search_term_string}\"},\"query-input\":{\"@type\":\"PropertyValueSpecification\",\"valueRequired\":true,\"valueName\":\"search_term_string\"}}],\"inLanguage\":\"de\"}]}<\/script>\n<!-- \/ Yoast SEO plugin. -->","yoast_head_json":{"title":"Das ist die Historie von Schulte D\u00fcsseldorf","description":"Hier erz\u00e4hlen wir \u00fcber die Geschichte und Entstehung unseres Standortes. Erfahren Sie mehr \u00fcber unsere Historie.","robots":{"index":"index","follow":"follow","max-snippet":"max-snippet:-1","max-image-preview":"max-image-preview:large","max-video-preview":"max-video-preview:-1"},"canonical":"https:\/\/www.schulte-duesseldorf.de\/?page_id=2860&lang=en","og_locale":"de_DE","og_type":"article","og_title":"Das ist die Historie von Schulte D\u00fcsseldorf","og_description":"Hier erz\u00e4hlen wir \u00fcber die Geschichte und Entstehung unseres Standortes. Erfahren Sie mehr \u00fcber unsere Historie.","og_url":"https:\/\/www.schulte-duesseldorf.de\/?page_id=2860&lang=en","og_site_name":"Julius Schulte S\u00f6hne","article_modified_time":"2025-05-23T10:45:18+00:00","og_image":[{"width":128,"height":155,"url":"https:\/\/www.schulte-duesseldorf.de\/wp-content\/uploads\/2023\/04\/schulte_logo_transparent_weiss.png","type":"image\/png"}],"twitter_card":"summary_large_image","twitter_misc":{"Gesch\u00e4tzte Lesezeit":"1\u00a0Minute"},"schema":{"@context":"https:\/\/schema.org","@graph":[{"@type":"WebPage","@id":"https:\/\/www.schulte-duesseldorf.de\/?page_id=2860&lang=en","url":"https:\/\/www.schulte-duesseldorf.de\/?page_id=2860&lang=en","name":"Das ist die Historie von Schulte D\u00fcsseldorf","isPartOf":{"@id":"https:\/\/www.schulte-duesseldorf.de\/#website"},"primaryImageOfPage":{"@id":"https:\/\/www.schulte-duesseldorf.de\/?page_id=2860&lang=en#primaryimage"},"image":{"@id":"https:\/\/www.schulte-duesseldorf.de\/?page_id=2860&lang=en#primaryimage"},"thumbnailUrl":"https:\/\/www.schulte-duesseldorf.de\/wp-content\/uploads\/2023\/04\/schulte_logo_transparent_weiss.png","datePublished":"2023-12-04T08:22:45+00:00","dateModified":"2025-05-23T10:45:18+00:00","description":"Hier erz\u00e4hlen wir \u00fcber die Geschichte und Entstehung unseres Standortes. Erfahren Sie mehr \u00fcber unsere Historie.","breadcrumb":{"@id":"https:\/\/www.schulte-duesseldorf.de\/?page_id=2860&lang=en#breadcrumb"},"inLanguage":"de","potentialAction":[{"@type":"ReadAction","target":["https:\/\/www.schulte-duesseldorf.de\/?page_id=2860&lang=en"]}]},{"@type":"ImageObject","inLanguage":"de","@id":"https:\/\/www.schulte-duesseldorf.de\/?page_id=2860&lang=en#primaryimage","url":"https:\/\/www.schulte-duesseldorf.de\/wp-content\/uploads\/2023\/04\/schulte_logo_transparent_weiss.png","contentUrl":"https:\/\/www.schulte-duesseldorf.de\/wp-content\/uploads\/2023\/04\/schulte_logo_transparent_weiss.png","width":128,"height":155},{"@type":"BreadcrumbList","@id":"https:\/\/www.schulte-duesseldorf.de\/?page_id=2860&lang=en#breadcrumb","itemListElement":[{"@type":"ListItem","position":1,"name":"Startseite","item":"https:\/\/www.schulte-duesseldorf.de\/"},{"@type":"ListItem","position":2,"name":"IMPRESSUM"}]},{"@type":"WebSite","@id":"https:\/\/www.schulte-duesseldorf.de\/#website","url":"https:\/\/www.schulte-duesseldorf.de\/","name":"Julius Schulte S\u00f6hne","description":"Papier und Karton aus D\u00fcsseldorf","potentialAction":[{"@type":"SearchAction","target":{"@type":"EntryPoint","urlTemplate":"https:\/\/www.schulte-duesseldorf.de\/?s={search_term_string}"},"query-input":{"@type":"PropertyValueSpecification","valueRequired":true,"valueName":"search_term_string"}}],"inLanguage":"de"}]}},"_links":{"self":[{"href":"https:\/\/www.schulte-duesseldorf.de\/index.php?rest_route=\/wp\/v2\/pages\/2860","targetHints":{"allow":["GET"]}}],"collection":[{"href":"https:\/\/www.schulte-duesseldorf.de\/index.php?rest_route=\/wp\/v2\/pages"}],"about":[{"href":"https:\/\/www.schulte-duesseldorf.de\/index.php?rest_route=\/wp\/v2\/types\/page"}],"author":[{"embeddable":true,"href":"https:\/\/www.schulte-duesseldorf.de\/index.php?rest_route=\/wp\/v2\/users\/4"}],"replies":[{"embeddable":true,"href":"https:\/\/www.schulte-duesseldorf.de\/index.php?rest_route=%2Fwp%2Fv2%2Fcomments&post=2860"}],"version-history":[{"count":22,"href":"https:\/\/www.schulte-duesseldorf.de\/index.php?rest_route=\/wp\/v2\/pages\/2860\/revisions"}],"predecessor-version":[{"id":4675,"href":"https:\/\/www.schulte-duesseldorf.de\/index.php?rest_route=\/wp\/v2\/pages\/2860\/revisions\/4675"}],"wp:attachment":[{"href":"https:\/\/www.schulte-duesseldorf.de\/index.php?rest_route=%2Fwp%2Fv2%2Fmedia&parent=2860"}],"curies":[{"name":"wp","href":"https:\/\/api.w.org\/{rel}","templated":true}]}}