{"id":2801,"date":"2023-11-30T11:03:19","date_gmt":"2023-11-30T11:03:19","guid":{"rendered":"https:\/\/schulte-duesseldorf.emmtronics.de\/?page_id=2801"},"modified":"2025-01-21T11:25:03","modified_gmt":"2025-01-21T11:25:03","slug":"hello","status":"publish","type":"page","link":"https:\/\/www.schulte-duesseldorf.de\/?page_id=2801&lang=en","title":{"rendered":"Hello"},"content":{"rendered":"\t\t<div data-elementor-type=\"wp-page\" data-elementor-id=\"2801\" class=\"elementor elementor-2801\">\n\t\t\t\t\t\t<section class=\"elementor-section elementor-top-section elementor-element elementor-element-79a6869 elementor-section-height-min-height elementor-section-full_width elementor-section-height-default elementor-section-items-middle\" data-id=\"79a6869\" data-element_type=\"section\" data-e-type=\"section\" data-settings=\"{&quot;background_background&quot;:&quot;classic&quot;}\">\n\t\t\t\t\t\t\t<div class=\"elementor-background-overlay\"><\/div>\n\t\t\t\t\t\t\t<div class=\"elementor-container elementor-column-gap-custom\">\n\t\t\t\t\t<div class=\"elementor-column elementor-col-100 elementor-top-column elementor-element elementor-element-fb84591\" data-id=\"fb84591\" data-element_type=\"column\" data-e-type=\"column\">\n\t\t\t<div class=\"elementor-widget-wrap elementor-element-populated\">\n\t\t\t\t\t\t<section class=\"elementor-section elementor-inner-section elementor-element elementor-element-cc32b91 elementor-section-boxed elementor-section-height-default elementor-section-height-default\" data-id=\"cc32b91\" data-element_type=\"section\" data-e-type=\"section\">\n\t\t\t\t\t\t<div class=\"elementor-container elementor-column-gap-default\">\n\t\t\t\t\t<div class=\"elementor-column elementor-col-50 elementor-inner-column elementor-element elementor-element-e6f497d\" data-id=\"e6f497d\" data-element_type=\"column\" data-e-type=\"column\">\n\t\t\t<div class=\"elementor-widget-wrap\">\n\t\t\t\t\t\t\t<\/div>\n\t\t<\/div>\n\t\t\t\t<div class=\"elementor-column elementor-col-50 elementor-inner-column elementor-element elementor-element-c3391d2\" data-id=\"c3391d2\" data-element_type=\"column\" data-e-type=\"column\">\n\t\t\t<div class=\"elementor-widget-wrap elementor-element-populated\">\n\t\t\t\t\t\t<div class=\"elementor-element elementor-element-e91f4d6 elementor-absolute elementor-widget-mobile__width-initial elementor-hidden-mobile elementor-widget elementor-widget-image\" data-id=\"e91f4d6\" data-element_type=\"widget\" data-e-type=\"widget\" data-settings=\"{&quot;_position&quot;:&quot;absolute&quot;}\" data-widget_type=\"image.default\">\n\t\t\t\t<div class=\"elementor-widget-container\">\n\t\t\t\t\t\t\t\t\t\t\t\t\t\t\t<img decoding=\"async\" width=\"128\" height=\"155\" src=\"https:\/\/www.schulte-duesseldorf.de\/wp-content\/uploads\/2023\/04\/schulte_logo_transparent_weiss.png\" class=\"attachment-large size-large wp-image-672\" alt=\"\" \/>\t\t\t\t\t\t\t\t\t\t\t\t\t\t\t<\/div>\n\t\t\t\t<\/div>\n\t\t\t\t\t<\/div>\n\t\t<\/div>\n\t\t\t\t\t<\/div>\n\t\t<\/section>\n\t\t\t\t<section class=\"elementor-section elementor-inner-section elementor-element elementor-element-72e0c53 elementor-section-boxed elementor-section-height-default elementor-section-height-default\" data-id=\"72e0c53\" data-element_type=\"section\" data-e-type=\"section\">\n\t\t\t\t\t\t<div class=\"elementor-container elementor-column-gap-default\">\n\t\t\t\t\t<div class=\"elementor-column elementor-col-50 elementor-inner-column elementor-element elementor-element-b074828\" data-id=\"b074828\" data-element_type=\"column\" data-e-type=\"column\">\n\t\t\t<div class=\"elementor-widget-wrap\">\n\t\t\t\t\t\t\t<\/div>\n\t\t<\/div>\n\t\t\t\t<div class=\"elementor-column elementor-col-50 elementor-inner-column elementor-element elementor-element-1a74608\" data-id=\"1a74608\" data-element_type=\"column\" data-e-type=\"column\">\n\t\t\t<div class=\"elementor-widget-wrap elementor-element-populated\">\n\t\t\t\t\t\t<div class=\"elementor-element elementor-element-fed7417 elementor-absolute elementor-widget__width-initial elementor-widget-mobile__width-inherit elementor-widget elementor-widget-heading\" data-id=\"fed7417\" data-element_type=\"widget\" data-e-type=\"widget\" data-settings=\"{&quot;_position&quot;:&quot;absolute&quot;}\" data-widget_type=\"heading.default\">\n\t\t\t\t<div class=\"elementor-widget-container\">\n\t\t\t\t\t<h1 class=\"elementor-heading-title elementor-size-default\">\nJulius Schulte S\u00f6hne the paper producer in D\u00fcsseldorf since 1886!<\/h1>\t\t\t\t<\/div>\n\t\t\t\t<\/div>\n\t\t\t\t\t<\/div>\n\t\t<\/div>\n\t\t\t\t\t<\/div>\n\t\t<\/section>\n\t\t\t\t\t<\/div>\n\t\t<\/div>\n\t\t\t\t\t<\/div>\n\t\t<\/section>\n\t\t\t\t<section class=\"elementor-section elementor-top-section elementor-element elementor-element-424fd33 elementor-section-full_width animated-slow elementor-section-height-default elementor-section-height-default elementor-invisible\" data-id=\"424fd33\" data-element_type=\"section\" data-e-type=\"section\" data-settings=\"{&quot;animation&quot;:&quot;zoomIn&quot;}\">\n\t\t\t\t\t\t<div class=\"elementor-container elementor-column-gap-default\">\n\t\t\t\t\t<div class=\"elementor-column elementor-col-66 elementor-top-column elementor-element elementor-element-9c98fea\" data-id=\"9c98fea\" data-element_type=\"column\" data-e-type=\"column\" data-settings=\"{&quot;background_background&quot;:&quot;classic&quot;}\">\n\t\t\t<div class=\"elementor-widget-wrap elementor-element-populated\">\n\t\t\t\t\t\t<div class=\"elementor-element elementor-element-e9eb197 elementor-widget elementor-widget-heading\" data-id=\"e9eb197\" data-element_type=\"widget\" data-e-type=\"widget\" data-widget_type=\"heading.default\">\n\t\t\t\t<div class=\"elementor-widget-container\">\n\t\t\t\t\t<h3 class=\"elementor-heading-title elementor-size-default\">We produce paper in D\u00fcsseldorf!<\/h3>\t\t\t\t<\/div>\n\t\t\t\t<\/div>\n\t\t\t\t<div class=\"elementor-element elementor-element-a51ce90 elementor-widget-divider--view-line elementor-widget elementor-widget-divider\" data-id=\"a51ce90\" data-element_type=\"widget\" data-e-type=\"widget\" data-widget_type=\"divider.default\">\n\t\t\t\t<div class=\"elementor-widget-container\">\n\t\t\t\t\t\t\t<div class=\"elementor-divider\">\n\t\t\t<span class=\"elementor-divider-separator\">\n\t\t\t\t\t\t<\/span>\n\t\t<\/div>\n\t\t\t\t\t\t<\/div>\n\t\t\t\t<\/div>\n\t\t\t\t<div class=\"elementor-element elementor-element-70b7408 elementor-widget elementor-widget-text-editor\" data-id=\"70b7408\" data-element_type=\"widget\" data-e-type=\"widget\" data-widget_type=\"text-editor.default\">\n\t\t\t\t<div class=\"elementor-widget-container\">\n\t\t\t\t\t\t\t\t\t<p>In the heart of D\u00fcsseldorf, we produce paper and cardboard for the world on 20,000 m\u00b2, ever since from waste paper!<\/p>\n<p>In fact &#8211; here at this location since 1886. Our family is a papermaking family with a long tradition. The oldest proven ancestor is Wilhelm Schulte; it is known that his wife was buried on February 9, 1681. He was a papermaker at Vorster in Broich (today a district of M\u00fclheim an der Ruhr). Three generations of papermakers are said to have preceded him.<\/p>\t\t\t\t\t\t\t\t<\/div>\n\t\t\t\t<\/div>\n\t\t\t\t\t<\/div>\n\t\t<\/div>\n\t\t\t\t<div class=\"elementor-column elementor-col-33 elementor-top-column elementor-element elementor-element-0bae368\" data-id=\"0bae368\" data-element_type=\"column\" data-e-type=\"column\" data-settings=\"{&quot;background_background&quot;:&quot;classic&quot;}\">\n\t\t\t<div class=\"elementor-widget-wrap elementor-element-populated\">\n\t\t\t\t\t\t<div class=\"elementor-element elementor-element-798be3c elementor-widget elementor-widget-heading\" data-id=\"798be3c\" data-element_type=\"widget\" data-e-type=\"widget\" data-widget_type=\"heading.default\">\n\t\t\t\t<div class=\"elementor-widget-container\">\n\t\t\t\t\t<h3 class=\"elementor-heading-title elementor-size-default\">Certified! Of course!<\/h3>\t\t\t\t<\/div>\n\t\t\t\t<\/div>\n\t\t\t\t<div class=\"elementor-element elementor-element-ab1485e elementor-widget-divider--view-line elementor-widget elementor-widget-divider\" data-id=\"ab1485e\" data-element_type=\"widget\" data-e-type=\"widget\" data-widget_type=\"divider.default\">\n\t\t\t\t<div class=\"elementor-widget-container\">\n\t\t\t\t\t\t\t<div class=\"elementor-divider\">\n\t\t\t<span class=\"elementor-divider-separator\">\n\t\t\t\t\t\t<\/span>\n\t\t<\/div>\n\t\t\t\t\t\t<\/div>\n\t\t\t\t<\/div>\n\t\t\t\t<div class=\"elementor-element elementor-element-eda4c1a elementor-icon-list--layout-traditional elementor-list-item-link-full_width elementor-widget elementor-widget-icon-list\" data-id=\"eda4c1a\" data-element_type=\"widget\" data-e-type=\"widget\" data-widget_type=\"icon-list.default\">\n\t\t\t\t<div class=\"elementor-widget-container\">\n\t\t\t\t\t\t\t<ul class=\"elementor-icon-list-items\">\n\t\t\t\t\t\t\t<li class=\"elementor-icon-list-item\">\n\t\t\t\t\t\t\t\t\t\t\t<span class=\"elementor-icon-list-icon\">\n\t\t\t\t\t\t\t<i aria-hidden=\"true\" class=\"fas fa-check\"><\/i>\t\t\t\t\t\t<\/span>\n\t\t\t\t\t\t\t\t\t\t<span class=\"elementor-icon-list-text\">ISO 9001<br>Quality management<\/span>\n\t\t\t\t\t\t\t\t\t<\/li>\n\t\t\t\t\t\t\t\t<li class=\"elementor-icon-list-item\">\n\t\t\t\t\t\t\t\t\t\t\t<span class=\"elementor-icon-list-icon\">\n\t\t\t\t\t\t\t<i aria-hidden=\"true\" class=\"fas fa-check\"><\/i>\t\t\t\t\t\t<\/span>\n\t\t\t\t\t\t\t\t\t\t<span class=\"elementor-icon-list-text\">ISO 14001<br>Environmental management<\/span>\n\t\t\t\t\t\t\t\t\t<\/li>\n\t\t\t\t\t\t\t\t<li class=\"elementor-icon-list-item\">\n\t\t\t\t\t\t\t\t\t\t\t<span class=\"elementor-icon-list-icon\">\n\t\t\t\t\t\t\t<i aria-hidden=\"true\" class=\"fas fa-check\"><\/i>\t\t\t\t\t\t<\/span>\n\t\t\t\t\t\t\t\t\t\t<span class=\"elementor-icon-list-text\">ISO 50001<br>Energy management<\/span>\n\t\t\t\t\t\t\t\t\t<\/li>\n\t\t\t\t\t\t<\/ul>\n\t\t\t\t\t\t<\/div>\n\t\t\t\t<\/div>\n\t\t\t\t<div class=\"elementor-element elementor-element-2bf89ea elementor-widget elementor-widget-spacer\" data-id=\"2bf89ea\" data-element_type=\"widget\" data-e-type=\"widget\" data-widget_type=\"spacer.default\">\n\t\t\t\t<div class=\"elementor-widget-container\">\n\t\t\t\t\t\t\t<div class=\"elementor-spacer\">\n\t\t\t<div class=\"elementor-spacer-inner\"><\/div>\n\t\t<\/div>\n\t\t\t\t\t\t<\/div>\n\t\t\t\t<\/div>\n\t\t\t\t<div class=\"elementor-element elementor-element-c418b66 e-transform elementor-widget elementor-widget-button\" data-id=\"c418b66\" data-element_type=\"widget\" data-e-type=\"widget\" data-settings=\"{&quot;_transform_translateX_effect_hover&quot;:{&quot;unit&quot;:&quot;px&quot;,&quot;size&quot;:20,&quot;sizes&quot;:[]},&quot;_transform_translateX_effect_hover_tablet&quot;:{&quot;unit&quot;:&quot;px&quot;,&quot;size&quot;:&quot;&quot;,&quot;sizes&quot;:[]},&quot;_transform_translateX_effect_hover_mobile&quot;:{&quot;unit&quot;:&quot;px&quot;,&quot;size&quot;:&quot;&quot;,&quot;sizes&quot;:[]},&quot;_transform_translateY_effect_hover&quot;:{&quot;unit&quot;:&quot;px&quot;,&quot;size&quot;:&quot;&quot;,&quot;sizes&quot;:[]},&quot;_transform_translateY_effect_hover_tablet&quot;:{&quot;unit&quot;:&quot;px&quot;,&quot;size&quot;:&quot;&quot;,&quot;sizes&quot;:[]},&quot;_transform_translateY_effect_hover_mobile&quot;:{&quot;unit&quot;:&quot;px&quot;,&quot;size&quot;:&quot;&quot;,&quot;sizes&quot;:[]}}\" data-widget_type=\"button.default\">\n\t\t\t\t<div class=\"elementor-widget-container\">\n\t\t\t\t\t\t\t\t\t<div class=\"elementor-button-wrapper\">\n\t\t\t\t\t<a class=\"elementor-button elementor-button-link elementor-size-md\" href=\"https:\/\/schulte-duesseldorf.de\/?page_id=2982&#038;lang=en\">\n\t\t\t\t\t\t<span class=\"elementor-button-content-wrapper\">\n\t\t\t\t\t\t\t\t\t<span class=\"elementor-button-text\">ALL CERTIFICATES FOR DOWNLOAD<\/span>\n\t\t\t\t\t<\/span>\n\t\t\t\t\t<\/a>\n\t\t\t\t<\/div>\n\t\t\t\t\t\t\t\t<\/div>\n\t\t\t\t<\/div>\n\t\t\t\t\t<\/div>\n\t\t<\/div>\n\t\t\t\t\t<\/div>\n\t\t<\/section>\n\t\t\t\t<\/div>\n\t\t","protected":false},"excerpt":{"rendered":"<p>Julius Schulte S\u00f6hne the paper producer in D\u00fcsseldorf since 1886! We produce paper in D\u00fcsseldorf! In the heart of D\u00fcsseldorf, we produce paper and cardboard for the world on 20,000 m\u00b2, ever since from waste paper! In fact &#8211; here at this location since 1886. Our family is a papermaking family with a long tradition. [&hellip;]<\/p>\n","protected":false},"author":4,"featured_media":0,"parent":0,"menu_order":0,"comment_status":"closed","ping_status":"closed","template":"","meta":{"footnotes":""},"class_list":["post-2801","page","type-page","status-publish","hentry"],"yoast_head":"<!-- This site is optimized with the Yoast SEO plugin v27.0 - https:\/\/yoast.com\/product\/yoast-seo-wordpress\/ -->\n<title>Das ist die Historie von Schulte D\u00fcsseldorf<\/title>\n<meta name=\"description\" content=\"Hier erz\u00e4hlen wir \u00fcber die Geschichte und Entstehung unseres Standortes. Erfahren Sie mehr \u00fcber unsere Historie.\" \/>\n<meta name=\"robots\" content=\"index, follow, max-snippet:-1, max-image-preview:large, max-video-preview:-1\" \/>\n<link rel=\"canonical\" href=\"https:\/\/www.schulte-duesseldorf.de\/?page_id=2801&lang=en\" \/>\n<meta property=\"og:locale\" content=\"de_DE\" \/>\n<meta property=\"og:type\" content=\"article\" \/>\n<meta property=\"og:title\" content=\"Das ist die Historie von Schulte D\u00fcsseldorf\" \/>\n<meta property=\"og:description\" content=\"Hier erz\u00e4hlen wir \u00fcber die Geschichte und Entstehung unseres Standortes. Erfahren Sie mehr \u00fcber unsere Historie.\" \/>\n<meta property=\"og:url\" content=\"https:\/\/www.schulte-duesseldorf.de\/?page_id=2801&amp;lang=en\" \/>\n<meta property=\"og:site_name\" content=\"Julius Schulte S\u00f6hne\" \/>\n<meta property=\"article:modified_time\" content=\"2025-01-21T11:25:03+00:00\" \/>\n<meta property=\"og:image\" content=\"https:\/\/www.schulte-duesseldorf.de\/wp-content\/uploads\/2023\/04\/schulte_logo_transparent_weiss.png\" \/>\n\t<meta property=\"og:image:width\" content=\"128\" \/>\n\t<meta property=\"og:image:height\" content=\"155\" \/>\n\t<meta property=\"og:image:type\" content=\"image\/png\" \/>\n<meta name=\"twitter:card\" content=\"summary_large_image\" \/>\n<meta name=\"twitter:label1\" content=\"Gesch\u00e4tzte Lesezeit\" \/>\n\t<meta name=\"twitter:data1\" content=\"1\u00a0Minute\" \/>\n<script type=\"application\/ld+json\" class=\"yoast-schema-graph\">{\"@context\":\"https:\/\/schema.org\",\"@graph\":[{\"@type\":\"WebPage\",\"@id\":\"https:\/\/www.schulte-duesseldorf.de\/?page_id=2801&lang=en\",\"url\":\"https:\/\/www.schulte-duesseldorf.de\/?page_id=2801&lang=en\",\"name\":\"Das ist die Historie von Schulte D\u00fcsseldorf\",\"isPartOf\":{\"@id\":\"https:\/\/www.schulte-duesseldorf.de\/#website\"},\"primaryImageOfPage\":{\"@id\":\"https:\/\/www.schulte-duesseldorf.de\/?page_id=2801&lang=en#primaryimage\"},\"image\":{\"@id\":\"https:\/\/www.schulte-duesseldorf.de\/?page_id=2801&lang=en#primaryimage\"},\"thumbnailUrl\":\"https:\/\/www.schulte-duesseldorf.de\/wp-content\/uploads\/2023\/04\/schulte_logo_transparent_weiss.png\",\"datePublished\":\"2023-11-30T11:03:19+00:00\",\"dateModified\":\"2025-01-21T11:25:03+00:00\",\"description\":\"Hier erz\u00e4hlen wir \u00fcber die Geschichte und Entstehung unseres Standortes. Erfahren Sie mehr \u00fcber unsere Historie.\",\"breadcrumb\":{\"@id\":\"https:\/\/www.schulte-duesseldorf.de\/?page_id=2801&lang=en#breadcrumb\"},\"inLanguage\":\"de\",\"potentialAction\":[{\"@type\":\"ReadAction\",\"target\":[\"https:\/\/www.schulte-duesseldorf.de\/?page_id=2801&lang=en\"]}]},{\"@type\":\"ImageObject\",\"inLanguage\":\"de\",\"@id\":\"https:\/\/www.schulte-duesseldorf.de\/?page_id=2801&lang=en#primaryimage\",\"url\":\"https:\/\/www.schulte-duesseldorf.de\/wp-content\/uploads\/2023\/04\/schulte_logo_transparent_weiss.png\",\"contentUrl\":\"https:\/\/www.schulte-duesseldorf.de\/wp-content\/uploads\/2023\/04\/schulte_logo_transparent_weiss.png\",\"width\":128,\"height\":155},{\"@type\":\"BreadcrumbList\",\"@id\":\"https:\/\/www.schulte-duesseldorf.de\/?page_id=2801&lang=en#breadcrumb\",\"itemListElement\":[{\"@type\":\"ListItem\",\"position\":1,\"name\":\"Startseite\",\"item\":\"https:\/\/www.schulte-duesseldorf.de\/\"},{\"@type\":\"ListItem\",\"position\":2,\"name\":\"Hello\"}]},{\"@type\":\"WebSite\",\"@id\":\"https:\/\/www.schulte-duesseldorf.de\/#website\",\"url\":\"https:\/\/www.schulte-duesseldorf.de\/\",\"name\":\"Julius Schulte S\u00f6hne\",\"description\":\"Papier und Karton aus D\u00fcsseldorf\",\"potentialAction\":[{\"@type\":\"SearchAction\",\"target\":{\"@type\":\"EntryPoint\",\"urlTemplate\":\"https:\/\/www.schulte-duesseldorf.de\/?s={search_term_string}\"},\"query-input\":{\"@type\":\"PropertyValueSpecification\",\"valueRequired\":true,\"valueName\":\"search_term_string\"}}],\"inLanguage\":\"de\"}]}<\/script>\n<!-- \/ Yoast SEO plugin. -->","yoast_head_json":{"title":"Das ist die Historie von Schulte D\u00fcsseldorf","description":"Hier erz\u00e4hlen wir \u00fcber die Geschichte und Entstehung unseres Standortes. Erfahren Sie mehr \u00fcber unsere Historie.","robots":{"index":"index","follow":"follow","max-snippet":"max-snippet:-1","max-image-preview":"max-image-preview:large","max-video-preview":"max-video-preview:-1"},"canonical":"https:\/\/www.schulte-duesseldorf.de\/?page_id=2801&lang=en","og_locale":"de_DE","og_type":"article","og_title":"Das ist die Historie von Schulte D\u00fcsseldorf","og_description":"Hier erz\u00e4hlen wir \u00fcber die Geschichte und Entstehung unseres Standortes. Erfahren Sie mehr \u00fcber unsere Historie.","og_url":"https:\/\/www.schulte-duesseldorf.de\/?page_id=2801&lang=en","og_site_name":"Julius Schulte S\u00f6hne","article_modified_time":"2025-01-21T11:25:03+00:00","og_image":[{"width":128,"height":155,"url":"https:\/\/www.schulte-duesseldorf.de\/wp-content\/uploads\/2023\/04\/schulte_logo_transparent_weiss.png","type":"image\/png"}],"twitter_card":"summary_large_image","twitter_misc":{"Gesch\u00e4tzte Lesezeit":"1\u00a0Minute"},"schema":{"@context":"https:\/\/schema.org","@graph":[{"@type":"WebPage","@id":"https:\/\/www.schulte-duesseldorf.de\/?page_id=2801&lang=en","url":"https:\/\/www.schulte-duesseldorf.de\/?page_id=2801&lang=en","name":"Das ist die Historie von Schulte D\u00fcsseldorf","isPartOf":{"@id":"https:\/\/www.schulte-duesseldorf.de\/#website"},"primaryImageOfPage":{"@id":"https:\/\/www.schulte-duesseldorf.de\/?page_id=2801&lang=en#primaryimage"},"image":{"@id":"https:\/\/www.schulte-duesseldorf.de\/?page_id=2801&lang=en#primaryimage"},"thumbnailUrl":"https:\/\/www.schulte-duesseldorf.de\/wp-content\/uploads\/2023\/04\/schulte_logo_transparent_weiss.png","datePublished":"2023-11-30T11:03:19+00:00","dateModified":"2025-01-21T11:25:03+00:00","description":"Hier erz\u00e4hlen wir \u00fcber die Geschichte und Entstehung unseres Standortes. Erfahren Sie mehr \u00fcber unsere Historie.","breadcrumb":{"@id":"https:\/\/www.schulte-duesseldorf.de\/?page_id=2801&lang=en#breadcrumb"},"inLanguage":"de","potentialAction":[{"@type":"ReadAction","target":["https:\/\/www.schulte-duesseldorf.de\/?page_id=2801&lang=en"]}]},{"@type":"ImageObject","inLanguage":"de","@id":"https:\/\/www.schulte-duesseldorf.de\/?page_id=2801&lang=en#primaryimage","url":"https:\/\/www.schulte-duesseldorf.de\/wp-content\/uploads\/2023\/04\/schulte_logo_transparent_weiss.png","contentUrl":"https:\/\/www.schulte-duesseldorf.de\/wp-content\/uploads\/2023\/04\/schulte_logo_transparent_weiss.png","width":128,"height":155},{"@type":"BreadcrumbList","@id":"https:\/\/www.schulte-duesseldorf.de\/?page_id=2801&lang=en#breadcrumb","itemListElement":[{"@type":"ListItem","position":1,"name":"Startseite","item":"https:\/\/www.schulte-duesseldorf.de\/"},{"@type":"ListItem","position":2,"name":"Hello"}]},{"@type":"WebSite","@id":"https:\/\/www.schulte-duesseldorf.de\/#website","url":"https:\/\/www.schulte-duesseldorf.de\/","name":"Julius Schulte S\u00f6hne","description":"Papier und Karton aus D\u00fcsseldorf","potentialAction":[{"@type":"SearchAction","target":{"@type":"EntryPoint","urlTemplate":"https:\/\/www.schulte-duesseldorf.de\/?s={search_term_string}"},"query-input":{"@type":"PropertyValueSpecification","valueRequired":true,"valueName":"search_term_string"}}],"inLanguage":"de"}]}},"_links":{"self":[{"href":"https:\/\/www.schulte-duesseldorf.de\/index.php?rest_route=\/wp\/v2\/pages\/2801","targetHints":{"allow":["GET"]}}],"collection":[{"href":"https:\/\/www.schulte-duesseldorf.de\/index.php?rest_route=\/wp\/v2\/pages"}],"about":[{"href":"https:\/\/www.schulte-duesseldorf.de\/index.php?rest_route=\/wp\/v2\/types\/page"}],"author":[{"embeddable":true,"href":"https:\/\/www.schulte-duesseldorf.de\/index.php?rest_route=\/wp\/v2\/users\/4"}],"replies":[{"embeddable":true,"href":"https:\/\/www.schulte-duesseldorf.de\/index.php?rest_route=%2Fwp%2Fv2%2Fcomments&post=2801"}],"version-history":[{"count":47,"href":"https:\/\/www.schulte-duesseldorf.de\/index.php?rest_route=\/wp\/v2\/pages\/2801\/revisions"}],"predecessor-version":[{"id":4274,"href":"https:\/\/www.schulte-duesseldorf.de\/index.php?rest_route=\/wp\/v2\/pages\/2801\/revisions\/4274"}],"wp:attachment":[{"href":"https:\/\/www.schulte-duesseldorf.de\/index.php?rest_route=%2Fwp%2Fv2%2Fmedia&parent=2801"}],"curies":[{"name":"wp","href":"https:\/\/api.w.org\/{rel}","templated":true}]}}