{"id":1195,"date":"2023-05-22T08:31:08","date_gmt":"2023-05-22T08:31:08","guid":{"rendered":"https:\/\/schulte-duesseldorf.emmtronics.de\/?page_id=1195"},"modified":"2024-06-06T09:09:32","modified_gmt":"2024-06-06T09:09:32","slug":"united-nations-global-compact","status":"publish","type":"page","link":"https:\/\/www.schulte-duesseldorf.de\/?page_id=1195","title":{"rendered":"United Nations Global Compact"},"content":{"rendered":"\t\t<div data-elementor-type=\"wp-page\" data-elementor-id=\"1195\" class=\"elementor elementor-1195\">\n\t\t\t\t\t\t<section class=\"elementor-section elementor-top-section elementor-element elementor-element-424fd33 elementor-section-full_width elementor-section-height-default elementor-section-height-default\" data-id=\"424fd33\" data-element_type=\"section\" data-e-type=\"section\">\n\t\t\t\t\t\t<div class=\"elementor-container elementor-column-gap-default\">\n\t\t\t\t\t<div class=\"elementor-column elementor-col-33 elementor-top-column elementor-element elementor-element-0bae368\" data-id=\"0bae368\" data-element_type=\"column\" data-e-type=\"column\" data-settings=\"{&quot;background_background&quot;:&quot;classic&quot;}\">\n\t\t\t<div class=\"elementor-widget-wrap elementor-element-populated\">\n\t\t\t\t\t\t<div class=\"elementor-element elementor-element-2bf89ea elementor-widget elementor-widget-spacer\" data-id=\"2bf89ea\" data-element_type=\"widget\" data-e-type=\"widget\" data-widget_type=\"spacer.default\">\n\t\t\t\t<div class=\"elementor-widget-container\">\n\t\t\t\t\t\t\t<div class=\"elementor-spacer\">\n\t\t\t<div class=\"elementor-spacer-inner\"><\/div>\n\t\t<\/div>\n\t\t\t\t\t\t<\/div>\n\t\t\t\t<\/div>\n\t\t\t\t\t<\/div>\n\t\t<\/div>\n\t\t\t\t<div class=\"elementor-column elementor-col-33 elementor-top-column elementor-element elementor-element-6d1eac6\" data-id=\"6d1eac6\" data-element_type=\"column\" data-e-type=\"column\" data-settings=\"{&quot;background_background&quot;:&quot;classic&quot;}\">\n\t\t\t<div class=\"elementor-widget-wrap elementor-element-populated\">\n\t\t\t\t\t\t<div class=\"elementor-element elementor-element-ab71ebb elementor-hidden-mobile elementor-widget elementor-widget-heading\" data-id=\"ab71ebb\" data-element_type=\"widget\" data-e-type=\"widget\" data-widget_type=\"heading.default\">\n\t\t\t\t<div class=\"elementor-widget-container\">\n\t\t\t\t\t<h3 class=\"elementor-heading-title elementor-size-default\">United Nations Global Compact<br>2. Fortschrittsbericht Julius Schulte S\u00f6hne GmbH &amp; CO. KG<\/h3>\t\t\t\t<\/div>\n\t\t\t\t<\/div>\n\t\t\t\t<div class=\"elementor-element elementor-element-5939c4e elementor-hidden-desktop elementor-hidden-tablet elementor-widget elementor-widget-heading\" data-id=\"5939c4e\" data-element_type=\"widget\" data-e-type=\"widget\" data-widget_type=\"heading.default\">\n\t\t\t\t<div class=\"elementor-widget-container\">\n\t\t\t\t\t<h3 class=\"elementor-heading-title elementor-size-default\">United Nations Global Compact<br>2. Fortschritts-<br>bericht Julius Schulte S\u00f6hne GmbH &amp; CO. KG<\/h3>\t\t\t\t<\/div>\n\t\t\t\t<\/div>\n\t\t\t\t<div class=\"elementor-element elementor-element-711cf9b elementor-widget-divider--view-line elementor-widget elementor-widget-divider\" data-id=\"711cf9b\" data-element_type=\"widget\" data-e-type=\"widget\" data-widget_type=\"divider.default\">\n\t\t\t\t<div class=\"elementor-widget-container\">\n\t\t\t\t\t\t\t<div class=\"elementor-divider\">\n\t\t\t<span class=\"elementor-divider-separator\">\n\t\t\t\t\t\t<\/span>\n\t\t<\/div>\n\t\t\t\t\t\t<\/div>\n\t\t\t\t<\/div>\n\t\t\t\t<div class=\"elementor-element elementor-element-0dd1904 elementor-align-center elementor-icon-list--layout-traditional elementor-list-item-link-full_width elementor-widget elementor-widget-icon-list\" data-id=\"0dd1904\" data-element_type=\"widget\" data-e-type=\"widget\" data-widget_type=\"icon-list.default\">\n\t\t\t\t<div class=\"elementor-widget-container\">\n\t\t\t\t\t\t\t<ul class=\"elementor-icon-list-items\">\n\t\t\t\t\t\t\t<li class=\"elementor-icon-list-item\">\n\t\t\t\t\t\t\t\t\t\t\t<a href=\"https:\/\/schulte-duesseldorf.de\/wp-content\/uploads\/2023\/05\/Fortschrittsbericht.pdf\" target=\"_blank\">\n\n\t\t\t\t\t\t\t\t\t\t\t\t<span class=\"elementor-icon-list-icon\">\n\t\t\t\t\t\t\t<i aria-hidden=\"true\" class=\"fas fa-file-pdf\"><\/i>\t\t\t\t\t\t<\/span>\n\t\t\t\t\t\t\t\t\t\t<span class=\"elementor-icon-list-text\">Fortschrittsbericht<\/span>\n\t\t\t\t\t\t\t\t\t\t\t<\/a>\n\t\t\t\t\t\t\t\t\t<\/li>\n\t\t\t\t\t\t<\/ul>\n\t\t\t\t\t\t<\/div>\n\t\t\t\t<\/div>\n\t\t\t\t<div class=\"elementor-element elementor-element-e736247 elementor-widget elementor-widget-spacer\" data-id=\"e736247\" data-element_type=\"widget\" data-e-type=\"widget\" data-widget_type=\"spacer.default\">\n\t\t\t\t<div class=\"elementor-widget-container\">\n\t\t\t\t\t\t\t<div class=\"elementor-spacer\">\n\t\t\t<div class=\"elementor-spacer-inner\"><\/div>\n\t\t<\/div>\n\t\t\t\t\t\t<\/div>\n\t\t\t\t<\/div>\n\t\t\t\t\t<\/div>\n\t\t<\/div>\n\t\t\t\t<div class=\"elementor-column elementor-col-33 elementor-top-column elementor-element elementor-element-8dd002c\" data-id=\"8dd002c\" data-element_type=\"column\" data-e-type=\"column\" data-settings=\"{&quot;background_background&quot;:&quot;classic&quot;}\">\n\t\t\t<div class=\"elementor-widget-wrap elementor-element-populated\">\n\t\t\t\t\t\t<div class=\"elementor-element elementor-element-eb960c7 elementor-widget elementor-widget-spacer\" data-id=\"eb960c7\" data-element_type=\"widget\" data-e-type=\"widget\" data-widget_type=\"spacer.default\">\n\t\t\t\t<div class=\"elementor-widget-container\">\n\t\t\t\t\t\t\t<div class=\"elementor-spacer\">\n\t\t\t<div class=\"elementor-spacer-inner\"><\/div>\n\t\t<\/div>\n\t\t\t\t\t\t<\/div>\n\t\t\t\t<\/div>\n\t\t\t\t\t<\/div>\n\t\t<\/div>\n\t\t\t\t\t<\/div>\n\t\t<\/section>\n\t\t\t\t<\/div>\n\t\t","protected":false},"excerpt":{"rendered":"<p>United Nations Global Compact2. Fortschrittsbericht Julius Schulte S\u00f6hne GmbH &amp; CO. KG United Nations Global Compact2. Fortschritts-bericht Julius Schulte S\u00f6hne GmbH &amp; CO. KG Fortschrittsbericht<\/p>\n","protected":false},"author":4,"featured_media":0,"parent":732,"menu_order":6,"comment_status":"closed","ping_status":"closed","template":"","meta":{"footnotes":""},"class_list":["post-1195","page","type-page","status-publish","hentry"],"yoast_head":"<!-- This site is optimized with the Yoast SEO plugin v27.0 - https:\/\/yoast.com\/product\/yoast-seo-wordpress\/ -->\n<title>United Nations Global Compact - Julius Schulte S\u00f6hne<\/title>\n<meta name=\"robots\" content=\"index, follow, max-snippet:-1, max-image-preview:large, max-video-preview:-1\" \/>\n<link rel=\"canonical\" href=\"https:\/\/www.schulte-duesseldorf.de\/?page_id=1195\" \/>\n<meta property=\"og:locale\" content=\"de_DE\" \/>\n<meta property=\"og:type\" content=\"article\" \/>\n<meta property=\"og:title\" content=\"United Nations Global Compact - Julius Schulte S\u00f6hne\" \/>\n<meta property=\"og:description\" content=\"United Nations Global Compact2. Fortschrittsbericht Julius Schulte S\u00f6hne GmbH &amp; CO. KG United Nations Global Compact2. Fortschritts-bericht Julius Schulte S\u00f6hne GmbH &amp; CO. KG Fortschrittsbericht\" \/>\n<meta property=\"og:url\" content=\"https:\/\/www.schulte-duesseldorf.de\/?page_id=1195\" \/>\n<meta property=\"og:site_name\" content=\"Julius Schulte S\u00f6hne\" \/>\n<meta property=\"article:modified_time\" content=\"2024-06-06T09:09:32+00:00\" \/>\n<meta name=\"twitter:card\" content=\"summary_large_image\" \/>\n<meta name=\"twitter:label1\" content=\"Gesch\u00e4tzte Lesezeit\" \/>\n\t<meta name=\"twitter:data1\" content=\"1\u00a0Minute\" \/>\n<script type=\"application\/ld+json\" class=\"yoast-schema-graph\">{\"@context\":\"https:\/\/schema.org\",\"@graph\":[{\"@type\":\"WebPage\",\"@id\":\"https:\/\/www.schulte-duesseldorf.de\/?page_id=1195\",\"url\":\"https:\/\/www.schulte-duesseldorf.de\/?page_id=1195\",\"name\":\"United Nations Global Compact - Julius Schulte S\u00f6hne\",\"isPartOf\":{\"@id\":\"https:\/\/www.schulte-duesseldorf.de\/#website\"},\"datePublished\":\"2023-05-22T08:31:08+00:00\",\"dateModified\":\"2024-06-06T09:09:32+00:00\",\"breadcrumb\":{\"@id\":\"https:\/\/www.schulte-duesseldorf.de\/?page_id=1195#breadcrumb\"},\"inLanguage\":\"de\",\"potentialAction\":[{\"@type\":\"ReadAction\",\"target\":[\"https:\/\/www.schulte-duesseldorf.de\/?page_id=1195\"]}]},{\"@type\":\"BreadcrumbList\",\"@id\":\"https:\/\/www.schulte-duesseldorf.de\/?page_id=1195#breadcrumb\",\"itemListElement\":[{\"@type\":\"ListItem\",\"position\":1,\"name\":\"Startseite\",\"item\":\"https:\/\/www.schulte-duesseldorf.de\/\"},{\"@type\":\"ListItem\",\"position\":2,\"name\":\"Downloads\",\"item\":\"https:\/\/www.schulte-duesseldorf.de\/?page_id=732\"},{\"@type\":\"ListItem\",\"position\":3,\"name\":\"United Nations Global Compact\"}]},{\"@type\":\"WebSite\",\"@id\":\"https:\/\/www.schulte-duesseldorf.de\/#website\",\"url\":\"https:\/\/www.schulte-duesseldorf.de\/\",\"name\":\"Julius Schulte S\u00f6hne\",\"description\":\"Papier und Karton aus D\u00fcsseldorf\",\"potentialAction\":[{\"@type\":\"SearchAction\",\"target\":{\"@type\":\"EntryPoint\",\"urlTemplate\":\"https:\/\/www.schulte-duesseldorf.de\/?s={search_term_string}\"},\"query-input\":{\"@type\":\"PropertyValueSpecification\",\"valueRequired\":true,\"valueName\":\"search_term_string\"}}],\"inLanguage\":\"de\"}]}<\/script>\n<!-- \/ Yoast SEO plugin. -->","yoast_head_json":{"title":"United Nations Global Compact - Julius Schulte S\u00f6hne","robots":{"index":"index","follow":"follow","max-snippet":"max-snippet:-1","max-image-preview":"max-image-preview:large","max-video-preview":"max-video-preview:-1"},"canonical":"https:\/\/www.schulte-duesseldorf.de\/?page_id=1195","og_locale":"de_DE","og_type":"article","og_title":"United Nations Global Compact - Julius Schulte S\u00f6hne","og_description":"United Nations Global Compact2. Fortschrittsbericht Julius Schulte S\u00f6hne GmbH &amp; CO. KG United Nations Global Compact2. Fortschritts-bericht Julius Schulte S\u00f6hne GmbH &amp; CO. KG Fortschrittsbericht","og_url":"https:\/\/www.schulte-duesseldorf.de\/?page_id=1195","og_site_name":"Julius Schulte S\u00f6hne","article_modified_time":"2024-06-06T09:09:32+00:00","twitter_card":"summary_large_image","twitter_misc":{"Gesch\u00e4tzte Lesezeit":"1\u00a0Minute"},"schema":{"@context":"https:\/\/schema.org","@graph":[{"@type":"WebPage","@id":"https:\/\/www.schulte-duesseldorf.de\/?page_id=1195","url":"https:\/\/www.schulte-duesseldorf.de\/?page_id=1195","name":"United Nations Global Compact - Julius Schulte S\u00f6hne","isPartOf":{"@id":"https:\/\/www.schulte-duesseldorf.de\/#website"},"datePublished":"2023-05-22T08:31:08+00:00","dateModified":"2024-06-06T09:09:32+00:00","breadcrumb":{"@id":"https:\/\/www.schulte-duesseldorf.de\/?page_id=1195#breadcrumb"},"inLanguage":"de","potentialAction":[{"@type":"ReadAction","target":["https:\/\/www.schulte-duesseldorf.de\/?page_id=1195"]}]},{"@type":"BreadcrumbList","@id":"https:\/\/www.schulte-duesseldorf.de\/?page_id=1195#breadcrumb","itemListElement":[{"@type":"ListItem","position":1,"name":"Startseite","item":"https:\/\/www.schulte-duesseldorf.de\/"},{"@type":"ListItem","position":2,"name":"Downloads","item":"https:\/\/www.schulte-duesseldorf.de\/?page_id=732"},{"@type":"ListItem","position":3,"name":"United Nations Global Compact"}]},{"@type":"WebSite","@id":"https:\/\/www.schulte-duesseldorf.de\/#website","url":"https:\/\/www.schulte-duesseldorf.de\/","name":"Julius Schulte S\u00f6hne","description":"Papier und Karton aus D\u00fcsseldorf","potentialAction":[{"@type":"SearchAction","target":{"@type":"EntryPoint","urlTemplate":"https:\/\/www.schulte-duesseldorf.de\/?s={search_term_string}"},"query-input":{"@type":"PropertyValueSpecification","valueRequired":true,"valueName":"search_term_string"}}],"inLanguage":"de"}]}},"_links":{"self":[{"href":"https:\/\/www.schulte-duesseldorf.de\/index.php?rest_route=\/wp\/v2\/pages\/1195","targetHints":{"allow":["GET"]}}],"collection":[{"href":"https:\/\/www.schulte-duesseldorf.de\/index.php?rest_route=\/wp\/v2\/pages"}],"about":[{"href":"https:\/\/www.schulte-duesseldorf.de\/index.php?rest_route=\/wp\/v2\/types\/page"}],"author":[{"embeddable":true,"href":"https:\/\/www.schulte-duesseldorf.de\/index.php?rest_route=\/wp\/v2\/users\/4"}],"replies":[{"embeddable":true,"href":"https:\/\/www.schulte-duesseldorf.de\/index.php?rest_route=%2Fwp%2Fv2%2Fcomments&post=1195"}],"version-history":[{"count":19,"href":"https:\/\/www.schulte-duesseldorf.de\/index.php?rest_route=\/wp\/v2\/pages\/1195\/revisions"}],"predecessor-version":[{"id":3515,"href":"https:\/\/www.schulte-duesseldorf.de\/index.php?rest_route=\/wp\/v2\/pages\/1195\/revisions\/3515"}],"up":[{"embeddable":true,"href":"https:\/\/www.schulte-duesseldorf.de\/index.php?rest_route=\/wp\/v2\/pages\/732"}],"wp:attachment":[{"href":"https:\/\/www.schulte-duesseldorf.de\/index.php?rest_route=%2Fwp%2Fv2%2Fmedia&parent=1195"}],"curies":[{"name":"wp","href":"https:\/\/api.w.org\/{rel}","templated":true}]}}