{"id":1070,"date":"2023-05-22T07:10:11","date_gmt":"2023-05-22T07:10:11","guid":{"rendered":"https:\/\/schulte-duesseldorf.emmtronics.de\/?page_id=1070"},"modified":"2024-06-06T13:10:40","modified_gmt":"2024-06-06T13:10:40","slug":"huelsenkarton-fuer-hygiene-industrie","status":"publish","type":"page","link":"https:\/\/www.schulte-duesseldorf.de\/?page_id=1070","title":{"rendered":"H\u00fclsenkarton f\u00fcr Hygiene Industrie"},"content":{"rendered":"\t\t<div data-elementor-type=\"wp-page\" data-elementor-id=\"1070\" class=\"elementor elementor-1070\">\n\t\t\t\t\t\t<section class=\"elementor-section elementor-top-section elementor-element elementor-element-79a6869 elementor-section-full_width elementor-section-height-min-height elementor-section-height-default elementor-section-items-middle\" data-id=\"79a6869\" data-element_type=\"section\" data-e-type=\"section\" data-settings=\"{&quot;background_background&quot;:&quot;classic&quot;}\">\n\t\t\t\t\t\t\t<div class=\"elementor-background-overlay\"><\/div>\n\t\t\t\t\t\t\t<div class=\"elementor-container elementor-column-gap-default\">\n\t\t\t\t\t<div class=\"elementor-column elementor-col-100 elementor-top-column elementor-element elementor-element-fb84591\" data-id=\"fb84591\" data-element_type=\"column\" data-e-type=\"column\">\n\t\t\t<div class=\"elementor-widget-wrap elementor-element-populated\">\n\t\t\t\t\t\t<section class=\"elementor-section elementor-inner-section elementor-element elementor-element-cc32b91 elementor-section-boxed elementor-section-height-default elementor-section-height-default\" data-id=\"cc32b91\" data-element_type=\"section\" data-e-type=\"section\">\n\t\t\t\t\t\t<div class=\"elementor-container elementor-column-gap-default\">\n\t\t\t\t\t<div class=\"elementor-column elementor-col-50 elementor-inner-column elementor-element elementor-element-e6f497d\" data-id=\"e6f497d\" data-element_type=\"column\" data-e-type=\"column\">\n\t\t\t<div class=\"elementor-widget-wrap\">\n\t\t\t\t\t\t\t<\/div>\n\t\t<\/div>\n\t\t\t\t<div class=\"elementor-column elementor-col-50 elementor-inner-column elementor-element elementor-element-c3391d2\" data-id=\"c3391d2\" data-element_type=\"column\" data-e-type=\"column\">\n\t\t\t<div class=\"elementor-widget-wrap elementor-element-populated\">\n\t\t\t\t\t\t<div class=\"elementor-element elementor-element-e91f4d6 elementor-hidden-mobile elementor-widget elementor-widget-image\" data-id=\"e91f4d6\" data-element_type=\"widget\" data-e-type=\"widget\" data-widget_type=\"image.default\">\n\t\t\t\t<div class=\"elementor-widget-container\">\n\t\t\t\t\t\t\t\t\t\t\t\t\t\t\t<img decoding=\"async\" width=\"128\" height=\"155\" src=\"https:\/\/www.schulte-duesseldorf.de\/wp-content\/uploads\/2023\/04\/schulte_logo_transparent_weiss.png\" class=\"attachment-large size-large wp-image-672\" alt=\"\" \/>\t\t\t\t\t\t\t\t\t\t\t\t\t\t\t<\/div>\n\t\t\t\t<\/div>\n\t\t\t\t\t<\/div>\n\t\t<\/div>\n\t\t\t\t\t<\/div>\n\t\t<\/section>\n\t\t\t\t<section class=\"elementor-section elementor-inner-section elementor-element elementor-element-72e0c53 elementor-section-boxed elementor-section-height-default elementor-section-height-default\" data-id=\"72e0c53\" data-element_type=\"section\" data-e-type=\"section\">\n\t\t\t\t\t\t<div class=\"elementor-container elementor-column-gap-default\">\n\t\t\t\t\t<div class=\"elementor-column elementor-col-50 elementor-inner-column elementor-element elementor-element-b074828\" data-id=\"b074828\" data-element_type=\"column\" data-e-type=\"column\">\n\t\t\t<div class=\"elementor-widget-wrap\">\n\t\t\t\t\t\t\t<\/div>\n\t\t<\/div>\n\t\t\t\t<div class=\"elementor-column elementor-col-50 elementor-inner-column elementor-element elementor-element-1a74608\" data-id=\"1a74608\" data-element_type=\"column\" data-e-type=\"column\">\n\t\t\t<div class=\"elementor-widget-wrap elementor-element-populated\">\n\t\t\t\t\t\t<div class=\"elementor-element elementor-element-fed7417 elementor-widget elementor-widget-heading\" data-id=\"fed7417\" data-element_type=\"widget\" data-e-type=\"widget\" data-widget_type=\"heading.default\">\n\t\t\t\t<div class=\"elementor-widget-container\">\n\t\t\t\t\t<h1 class=\"elementor-heading-title elementor-size-default\">H\u00fclsenkarton f\u00fcr die Hygiene Industrie<\/h1>\t\t\t\t<\/div>\n\t\t\t\t<\/div>\n\t\t\t\t\t<\/div>\n\t\t<\/div>\n\t\t\t\t\t<\/div>\n\t\t<\/section>\n\t\t\t\t\t<\/div>\n\t\t<\/div>\n\t\t\t\t\t<\/div>\n\t\t<\/section>\n\t\t\t\t<section class=\"elementor-section elementor-top-section elementor-element elementor-element-31648d9 elementor-section-boxed elementor-section-height-default elementor-section-height-default\" data-id=\"31648d9\" data-element_type=\"section\" data-e-type=\"section\" data-settings=\"{&quot;background_background&quot;:&quot;classic&quot;}\">\n\t\t\t\t\t\t<div class=\"elementor-container elementor-column-gap-default\">\n\t\t\t\t\t<div class=\"elementor-column elementor-col-33 elementor-top-column elementor-element elementor-element-2dd7a87\" data-id=\"2dd7a87\" data-element_type=\"column\" data-e-type=\"column\">\n\t\t\t<div class=\"elementor-widget-wrap\">\n\t\t\t\t\t\t\t<\/div>\n\t\t<\/div>\n\t\t\t\t<div class=\"elementor-column elementor-col-33 elementor-top-column elementor-element elementor-element-8b8009e\" data-id=\"8b8009e\" data-element_type=\"column\" data-e-type=\"column\" data-settings=\"{&quot;background_background&quot;:&quot;classic&quot;}\">\n\t\t\t<div class=\"elementor-widget-wrap elementor-element-populated\">\n\t\t\t\t\t\t<div class=\"elementor-element elementor-element-d013850 elementor-widget-divider--view-line elementor-widget elementor-widget-divider\" data-id=\"d013850\" data-element_type=\"widget\" data-e-type=\"widget\" data-widget_type=\"divider.default\">\n\t\t\t\t<div class=\"elementor-widget-container\">\n\t\t\t\t\t\t\t<div class=\"elementor-divider\">\n\t\t\t<span class=\"elementor-divider-separator\">\n\t\t\t\t\t\t<\/span>\n\t\t<\/div>\n\t\t\t\t\t\t<\/div>\n\t\t\t\t<\/div>\n\t\t\t\t<div class=\"elementor-element elementor-element-458d769 elementor-widget elementor-widget-text-editor\" data-id=\"458d769\" data-element_type=\"widget\" data-e-type=\"widget\" data-widget_type=\"text-editor.default\">\n\t\t\t\t<div class=\"elementor-widget-container\">\n\t\t\t\t\t\t\t\t\t<ul>\n<li>Kundenspezifische Kartontypen f\u00fcr 1-lagige und 2-lagige H\u00fclsenwickelanwendungen<\/li>\n<li>Gro\u00dfe Auswahl an Kartonqualit\u00e4ten f\u00fcr Consumer und AfH &#8211; H\u00fclsen<\/li>\n<li>Karton f\u00fcr Anwendungen mit hoher Klebegeschwindigkeit<\/li>\n<li>Papier mit geringer Abrasivit\u00e4t<\/li>\n<li>Technischer Support beim Kunden vor Ort<\/li>\n<li>Kompetenter Entwicklungspartner<\/li>\n<li>Interdisziplin\u00e4re Zusammenarbeit mit Zulieferern der Tissue Industrie<\/li>\n<li>Hervorragende weltweite Logistikerfahrung<\/li>\n<\/ul>\t\t\t\t\t\t\t\t<\/div>\n\t\t\t\t<\/div>\n\t\t\t\t<div class=\"elementor-element elementor-element-ed2dcd8 elementor-widget-divider--view-line elementor-widget elementor-widget-divider\" data-id=\"ed2dcd8\" data-element_type=\"widget\" data-e-type=\"widget\" data-widget_type=\"divider.default\">\n\t\t\t\t<div class=\"elementor-widget-container\">\n\t\t\t\t\t\t\t<div class=\"elementor-divider\">\n\t\t\t<span class=\"elementor-divider-separator\">\n\t\t\t\t\t\t<\/span>\n\t\t<\/div>\n\t\t\t\t\t\t<\/div>\n\t\t\t\t<\/div>\n\t\t\t\t\t<\/div>\n\t\t<\/div>\n\t\t\t\t<div class=\"elementor-column elementor-col-33 elementor-top-column elementor-element elementor-element-9fafa14\" data-id=\"9fafa14\" data-element_type=\"column\" data-e-type=\"column\">\n\t\t\t<div class=\"elementor-widget-wrap\">\n\t\t\t\t\t\t\t<\/div>\n\t\t<\/div>\n\t\t\t\t\t<\/div>\n\t\t<\/section>\n\t\t\t\t<\/div>\n\t\t","protected":false},"excerpt":{"rendered":"<p>H\u00fclsenkarton f\u00fcr die Hygiene Industrie Kundenspezifische Kartontypen f\u00fcr 1-lagige und 2-lagige H\u00fclsenwickelanwendungen Gro\u00dfe Auswahl an Kartonqualit\u00e4ten f\u00fcr Consumer und AfH &#8211; H\u00fclsen Karton f\u00fcr Anwendungen mit hoher Klebegeschwindigkeit Papier mit geringer Abrasivit\u00e4t Technischer Support beim Kunden vor Ort Kompetenter Entwicklungspartner Interdisziplin\u00e4re Zusammenarbeit mit Zulieferern der Tissue Industrie Hervorragende weltweite Logistikerfahrung<\/p>\n","protected":false},"author":4,"featured_media":0,"parent":632,"menu_order":1,"comment_status":"closed","ping_status":"closed","template":"","meta":{"footnotes":""},"class_list":["post-1070","page","type-page","status-publish","hentry"],"yoast_head":"<!-- This site is optimized with the Yoast SEO plugin v27.0 - https:\/\/yoast.com\/product\/yoast-seo-wordpress\/ -->\n<title>H\u00fclsenkarton f\u00fcr Hygiene Industrie - Julius Schulte S\u00f6hne<\/title>\n<meta name=\"robots\" content=\"index, follow, max-snippet:-1, max-image-preview:large, max-video-preview:-1\" \/>\n<link rel=\"canonical\" href=\"https:\/\/www.schulte-duesseldorf.de\/?page_id=1070\" \/>\n<meta property=\"og:locale\" content=\"de_DE\" \/>\n<meta property=\"og:type\" content=\"article\" \/>\n<meta property=\"og:title\" content=\"H\u00fclsenkarton f\u00fcr Hygiene Industrie - Julius Schulte S\u00f6hne\" \/>\n<meta property=\"og:description\" content=\"H\u00fclsenkarton f\u00fcr die Hygiene Industrie Kundenspezifische Kartontypen f\u00fcr 1-lagige und 2-lagige H\u00fclsenwickelanwendungen Gro\u00dfe Auswahl an Kartonqualit\u00e4ten f\u00fcr Consumer und AfH &#8211; H\u00fclsen Karton f\u00fcr Anwendungen mit hoher Klebegeschwindigkeit Papier mit geringer Abrasivit\u00e4t Technischer Support beim Kunden vor Ort Kompetenter Entwicklungspartner Interdisziplin\u00e4re Zusammenarbeit mit Zulieferern der Tissue Industrie Hervorragende weltweite Logistikerfahrung\" \/>\n<meta property=\"og:url\" content=\"https:\/\/www.schulte-duesseldorf.de\/?page_id=1070\" \/>\n<meta property=\"og:site_name\" content=\"Julius Schulte S\u00f6hne\" \/>\n<meta property=\"article:modified_time\" content=\"2024-06-06T13:10:40+00:00\" \/>\n<meta property=\"og:image\" content=\"https:\/\/www.schulte-duesseldorf.de\/wp-content\/uploads\/2023\/04\/schulte_logo_transparent_weiss.png\" \/>\n<meta name=\"twitter:card\" content=\"summary_large_image\" \/>\n<meta name=\"twitter:label1\" content=\"Gesch\u00e4tzte Lesezeit\" \/>\n\t<meta name=\"twitter:data1\" content=\"1\u00a0Minute\" \/>\n<script type=\"application\/ld+json\" class=\"yoast-schema-graph\">{\"@context\":\"https:\/\/schema.org\",\"@graph\":[{\"@type\":\"WebPage\",\"@id\":\"https:\/\/www.schulte-duesseldorf.de\/?page_id=1070\",\"url\":\"https:\/\/www.schulte-duesseldorf.de\/?page_id=1070\",\"name\":\"H\u00fclsenkarton f\u00fcr Hygiene Industrie - Julius Schulte S\u00f6hne\",\"isPartOf\":{\"@id\":\"https:\/\/www.schulte-duesseldorf.de\/#website\"},\"primaryImageOfPage\":{\"@id\":\"https:\/\/www.schulte-duesseldorf.de\/?page_id=1070#primaryimage\"},\"image\":{\"@id\":\"https:\/\/www.schulte-duesseldorf.de\/?page_id=1070#primaryimage\"},\"thumbnailUrl\":\"https:\/\/www.schulte-duesseldorf.de\/wp-content\/uploads\/2023\/04\/schulte_logo_transparent_weiss.png\",\"datePublished\":\"2023-05-22T07:10:11+00:00\",\"dateModified\":\"2024-06-06T13:10:40+00:00\",\"breadcrumb\":{\"@id\":\"https:\/\/www.schulte-duesseldorf.de\/?page_id=1070#breadcrumb\"},\"inLanguage\":\"de\",\"potentialAction\":[{\"@type\":\"ReadAction\",\"target\":[\"https:\/\/www.schulte-duesseldorf.de\/?page_id=1070\"]}]},{\"@type\":\"ImageObject\",\"inLanguage\":\"de\",\"@id\":\"https:\/\/www.schulte-duesseldorf.de\/?page_id=1070#primaryimage\",\"url\":\"https:\/\/www.schulte-duesseldorf.de\/wp-content\/uploads\/2023\/04\/schulte_logo_transparent_weiss.png\",\"contentUrl\":\"https:\/\/www.schulte-duesseldorf.de\/wp-content\/uploads\/2023\/04\/schulte_logo_transparent_weiss.png\",\"width\":128,\"height\":155},{\"@type\":\"BreadcrumbList\",\"@id\":\"https:\/\/www.schulte-duesseldorf.de\/?page_id=1070#breadcrumb\",\"itemListElement\":[{\"@type\":\"ListItem\",\"position\":1,\"name\":\"Startseite\",\"item\":\"https:\/\/www.schulte-duesseldorf.de\/\"},{\"@type\":\"ListItem\",\"position\":2,\"name\":\"Produkte\",\"item\":\"https:\/\/www.schulte-duesseldorf.de\/?page_id=632\"},{\"@type\":\"ListItem\",\"position\":3,\"name\":\"H\u00fclsenkarton f\u00fcr Hygiene Industrie\"}]},{\"@type\":\"WebSite\",\"@id\":\"https:\/\/www.schulte-duesseldorf.de\/#website\",\"url\":\"https:\/\/www.schulte-duesseldorf.de\/\",\"name\":\"Julius Schulte S\u00f6hne\",\"description\":\"Papier und Karton aus D\u00fcsseldorf\",\"potentialAction\":[{\"@type\":\"SearchAction\",\"target\":{\"@type\":\"EntryPoint\",\"urlTemplate\":\"https:\/\/www.schulte-duesseldorf.de\/?s={search_term_string}\"},\"query-input\":{\"@type\":\"PropertyValueSpecification\",\"valueRequired\":true,\"valueName\":\"search_term_string\"}}],\"inLanguage\":\"de\"}]}<\/script>\n<!-- \/ Yoast SEO plugin. -->","yoast_head_json":{"title":"H\u00fclsenkarton f\u00fcr Hygiene Industrie - Julius Schulte S\u00f6hne","robots":{"index":"index","follow":"follow","max-snippet":"max-snippet:-1","max-image-preview":"max-image-preview:large","max-video-preview":"max-video-preview:-1"},"canonical":"https:\/\/www.schulte-duesseldorf.de\/?page_id=1070","og_locale":"de_DE","og_type":"article","og_title":"H\u00fclsenkarton f\u00fcr Hygiene Industrie - Julius Schulte S\u00f6hne","og_description":"H\u00fclsenkarton f\u00fcr die Hygiene Industrie Kundenspezifische Kartontypen f\u00fcr 1-lagige und 2-lagige H\u00fclsenwickelanwendungen Gro\u00dfe Auswahl an Kartonqualit\u00e4ten f\u00fcr Consumer und AfH &#8211; H\u00fclsen Karton f\u00fcr Anwendungen mit hoher Klebegeschwindigkeit Papier mit geringer Abrasivit\u00e4t Technischer Support beim Kunden vor Ort Kompetenter Entwicklungspartner Interdisziplin\u00e4re Zusammenarbeit mit Zulieferern der Tissue Industrie Hervorragende weltweite Logistikerfahrung","og_url":"https:\/\/www.schulte-duesseldorf.de\/?page_id=1070","og_site_name":"Julius Schulte S\u00f6hne","article_modified_time":"2024-06-06T13:10:40+00:00","og_image":[{"url":"https:\/\/www.schulte-duesseldorf.de\/wp-content\/uploads\/2023\/04\/schulte_logo_transparent_weiss.png","type":"","width":"","height":""}],"twitter_card":"summary_large_image","twitter_misc":{"Gesch\u00e4tzte Lesezeit":"1\u00a0Minute"},"schema":{"@context":"https:\/\/schema.org","@graph":[{"@type":"WebPage","@id":"https:\/\/www.schulte-duesseldorf.de\/?page_id=1070","url":"https:\/\/www.schulte-duesseldorf.de\/?page_id=1070","name":"H\u00fclsenkarton f\u00fcr Hygiene Industrie - Julius Schulte S\u00f6hne","isPartOf":{"@id":"https:\/\/www.schulte-duesseldorf.de\/#website"},"primaryImageOfPage":{"@id":"https:\/\/www.schulte-duesseldorf.de\/?page_id=1070#primaryimage"},"image":{"@id":"https:\/\/www.schulte-duesseldorf.de\/?page_id=1070#primaryimage"},"thumbnailUrl":"https:\/\/www.schulte-duesseldorf.de\/wp-content\/uploads\/2023\/04\/schulte_logo_transparent_weiss.png","datePublished":"2023-05-22T07:10:11+00:00","dateModified":"2024-06-06T13:10:40+00:00","breadcrumb":{"@id":"https:\/\/www.schulte-duesseldorf.de\/?page_id=1070#breadcrumb"},"inLanguage":"de","potentialAction":[{"@type":"ReadAction","target":["https:\/\/www.schulte-duesseldorf.de\/?page_id=1070"]}]},{"@type":"ImageObject","inLanguage":"de","@id":"https:\/\/www.schulte-duesseldorf.de\/?page_id=1070#primaryimage","url":"https:\/\/www.schulte-duesseldorf.de\/wp-content\/uploads\/2023\/04\/schulte_logo_transparent_weiss.png","contentUrl":"https:\/\/www.schulte-duesseldorf.de\/wp-content\/uploads\/2023\/04\/schulte_logo_transparent_weiss.png","width":128,"height":155},{"@type":"BreadcrumbList","@id":"https:\/\/www.schulte-duesseldorf.de\/?page_id=1070#breadcrumb","itemListElement":[{"@type":"ListItem","position":1,"name":"Startseite","item":"https:\/\/www.schulte-duesseldorf.de\/"},{"@type":"ListItem","position":2,"name":"Produkte","item":"https:\/\/www.schulte-duesseldorf.de\/?page_id=632"},{"@type":"ListItem","position":3,"name":"H\u00fclsenkarton f\u00fcr Hygiene Industrie"}]},{"@type":"WebSite","@id":"https:\/\/www.schulte-duesseldorf.de\/#website","url":"https:\/\/www.schulte-duesseldorf.de\/","name":"Julius Schulte S\u00f6hne","description":"Papier und Karton aus D\u00fcsseldorf","potentialAction":[{"@type":"SearchAction","target":{"@type":"EntryPoint","urlTemplate":"https:\/\/www.schulte-duesseldorf.de\/?s={search_term_string}"},"query-input":{"@type":"PropertyValueSpecification","valueRequired":true,"valueName":"search_term_string"}}],"inLanguage":"de"}]}},"_links":{"self":[{"href":"https:\/\/www.schulte-duesseldorf.de\/index.php?rest_route=\/wp\/v2\/pages\/1070","targetHints":{"allow":["GET"]}}],"collection":[{"href":"https:\/\/www.schulte-duesseldorf.de\/index.php?rest_route=\/wp\/v2\/pages"}],"about":[{"href":"https:\/\/www.schulte-duesseldorf.de\/index.php?rest_route=\/wp\/v2\/types\/page"}],"author":[{"embeddable":true,"href":"https:\/\/www.schulte-duesseldorf.de\/index.php?rest_route=\/wp\/v2\/users\/4"}],"replies":[{"embeddable":true,"href":"https:\/\/www.schulte-duesseldorf.de\/index.php?rest_route=%2Fwp%2Fv2%2Fcomments&post=1070"}],"version-history":[{"count":40,"href":"https:\/\/www.schulte-duesseldorf.de\/index.php?rest_route=\/wp\/v2\/pages\/1070\/revisions"}],"predecessor-version":[{"id":3817,"href":"https:\/\/www.schulte-duesseldorf.de\/index.php?rest_route=\/wp\/v2\/pages\/1070\/revisions\/3817"}],"up":[{"embeddable":true,"href":"https:\/\/www.schulte-duesseldorf.de\/index.php?rest_route=\/wp\/v2\/pages\/632"}],"wp:attachment":[{"href":"https:\/\/www.schulte-duesseldorf.de\/index.php?rest_route=%2Fwp%2Fv2%2Fmedia&parent=1070"}],"curies":[{"name":"wp","href":"https:\/\/api.w.org\/{rel}","templated":true}]}}